{"id":748,"date":"2017-10-23T16:50:58","date_gmt":"2017-10-23T18:50:58","guid":{"rendered":"http:\/\/ecen.com.br\/?page_id=748"},"modified":"2021-06-12T12:21:30","modified_gmt":"2021-06-12T15:21:30","slug":"anexo-2-principais-links-e-referencias-relacionados-ao-tema","status":"publish","type":"page","link":"https:\/\/ecen.com.br\/?page_id=748","title":{"rendered":"A2: Principais Links e Refer\u00eancias"},"content":{"rendered":"\t\t<div data-elementor-type=\"wp-post\" data-elementor-id=\"748\" class=\"elementor elementor-748\">\n\t\t\t\t\t\t<div class=\"elementor-inner\">\n\t\t\t\t<div class=\"elementor-section-wrap\">\n\t\t\t\t\t\t\t\t\t<section class=\"elementor-section elementor-top-section elementor-element elementor-element-5674e260 elementor-section-boxed elementor-section-height-default elementor-section-height-default\" data-id=\"5674e260\" data-element_type=\"section\">\n\t\t\t\t\t\t<div class=\"elementor-container elementor-column-gap-default\">\n\t\t\t\t\t\t\t<div class=\"elementor-row\">\n\t\t\t\t\t<div class=\"elementor-column elementor-col-100 elementor-top-column elementor-element elementor-element-3e588da5\" data-id=\"3e588da5\" data-element_type=\"column\">\n\t\t\t<div class=\"elementor-column-wrap elementor-element-populated\">\n\t\t\t\t\t\t\t<div class=\"elementor-widget-wrap\">\n\t\t\t\t\t\t<div class=\"elementor-element elementor-element-2922d092 elementor-widget elementor-widget-text-editor\" data-id=\"2922d092\" data-element_type=\"widget\" data-widget_type=\"text-editor.default\">\n\t\t\t\t<div class=\"elementor-widget-container\">\n\t\t\t\t\t\t\t\t<div class=\"elementor-text-editor elementor-clearfix\">\n\t\t\t\t<p><span style=\"color: #808080;\"><strong><span style=\"color: #000000;\"><img loading=\"lazy\" class=\"size-full wp-image-4 alignnone\" src=\"http:\/\/eee.org.br\/wp-content\/uploads\/2017\/02\/eee.jpg\" alt=\"\" width=\"116\" height=\"27\" data-wp-pid=\"4\" \/><\/span><br \/><\/strong><\/span><span style=\"color: #808080;\"><span style=\"color: #000000;\"><strong>Economia e Energia &#8211; E&amp;E N\u00ba 96, julho a setembro \u00a02017<\/strong><\/span><br \/>ISSN 1518-2932<\/span><\/p><h1><a name=\"_Toc496006730\"><\/a><strong>ANEXO 2: PRINCIPAIS LINKS E REFER\u00caNCIAS RELACIONADOS AO TEMA<\/strong><\/h1><p><a href=\"#IndRef_1\">\u00a0[Ref 1]<\/a> <a href=\"http:\/\/www.slideshare.net\/undesa\/international-merchandise-trade-statistics\">International Merchandise Trade Statistics: Concepts and Definitions 2010 (IMTS 2010)<\/a><\/p><p><a href=\"#IndRef_2\">[Ref.2<\/a>] <a href=\"https:\/\/unstats.un.org\/unsd\/nationalaccount\/sna2008.asp\">System of National Accounts 2008 &#8211; 2008 SNA<\/a><\/p><p><a href=\"#IndRef_3\">[Ref. 3<\/a>] <a href=\"https:\/\/www.imf.org\/external\/pubs\/ft\/bop\/2007\/pdf\/bpm6.pdf\">Balance of Payments and International Investment Position. Manual Sixth Edition (BPM6)<\/a> FMI 2009<\/p><p><strong>Documentos BCB <\/strong><a href=\"http:\/\/www.bcb.gov.br\/pt-br\/#!\/n\/6MANBALPGTO\"><strong>Sobre a <\/strong><strong>6\u00aa edi\u00e7\u00e3o do Manual de Balan\u00e7o de Pagamentos e Posi\u00e7\u00e3o de <\/strong><strong>Investimento Internacional (BPM6)<\/strong><\/a><\/p><p><a href=\"http:\/\/www.bcb.gov.br\/pt-br\/#!\/n\/6MANBALPGTO\">http:\/\/www.bcb.gov.br\/pt-br\/#!\/n\/6MANBALPGTO<\/a><\/p><p><a href=\"http:\/\/www.bcb.gov.br\/ftp\/infecon\/combpm6p.pdf\">Comunicado<\/a> do BCB<\/p><p><a href=\"http:\/\/www.bcb.gov.br\/ftp\/infecon\/nm1bpm6p.pdf\">Nota Metodol\u00f3gica n\u00ba 1 \u2013 Estat\u00edsticas do Setor Externo \u2013 \u00a0Ado\u00e7\u00e3o da 6\u00aa Edi\u00e7\u00e3o do Manual de Balan\u00e7o de Pagamentos e Posi\u00e7\u00e3o de Investimento Internacional (BPM6)<\/a><\/p><p><a href=\"#IndRef_9\">[Ref. 9]<\/a> <a href=\"http:\/\/www.bcb.gov.br\/ftp\/infecon\/nm2bpm6p.pdf\">Nota Metodol\u00f3gica n\u00ba 2 \u2013 Transa\u00e7\u00f5es correntes \u2013 Ado\u00e7\u00e3o da 6\u00aa Edi\u00e7\u00e3o do Manual de Balan\u00e7o de Pagamentos e Posi\u00e7\u00e3o de Investimento Internacional (BPM6) &#8211; Atualizada em 23.4.2015<\/a><\/p><p><a href=\"#IndRef_11\">[Ref 11<\/a>] <a href=\"http:\/\/www.bcb.gov.br\/ftp\/infecon\/nm3bpm6p.pdf\">Nota Metodol\u00f3gica n\u00ba 3 \u2013 Investimentos diretos e renda prim\u00e1ria (lucros) \u2013 Ado\u00e7\u00e3o da 6\u00aa Edi\u00e7\u00e3o do Manual de Balan\u00e7o de Pagamentos e Posi\u00e7\u00e3o de Investimento Internacional (BPM6) &#8211; Atualizada em 23.4.2015<\/a><\/p><p>[<a href=\"#IndRef_12\">Ref 12<\/a>] <a href=\"http:\/\/www.bcb.gov.br\/ftp\/NotaEcon\/nm4bpm6p.pdf\">Nota Metodol\u00f3gica n\u00ba 4 \u2013 D\u00edvida externa \u2013 Ado\u00e7\u00e3o da 6\u00aa Edi\u00e7\u00e3o do Manual de Balan\u00e7o de Pagamentos e Posi\u00e7\u00e3o de Investimento Internacional (BPM6) &#8211; Atualizada em 24.6.2015<\/a><\/p><p>[<a href=\"#IndRef_10\">Ref 10]<\/a> <a href=\"http:\/\/www.bcb.gov.br\/ftp\/infecon\/faqbpm6p.pdf\">Perguntas frequentes (FAQs) sobre a convers\u00e3o de BPM5 para BPM6<\/a><\/p><p>[<a href=\"#IndRef_5\">Ref. 5<\/a>] <a href=\"http:\/\/www.bcb.gov.br\/htms\/infecon\/Seriehist_bpm6.asp\">S\u00e9ries hist\u00f3ricas \u2013 BPM6<\/a><\/p><p>[<a href=\"#IndRef_4\">Ref. 4<\/a>] <a href=\"http:\/\/www.bcb.gov.br\/pec\/appron\/apres\/Tulio_Maciel_Novo_BPM6_22_04_2015.pdf\">Apresenta\u00e7\u00e3o \u2013 primeira publica\u00e7\u00e3o de dados sob o BPM6 \u2013 22 de abril de 2015<\/a><\/p><p><a href=\"http:\/\/www.bcb.gov.br\/pec\/appron\/apres\/Brazilian-data-collection-system-and-BPM6-issues-seminar-IFC-2015-July.pdf\">Apresenta\u00e7\u00e3o &#8211; semin\u00e1rio Assessing International Capital Flows After the Crisis (BCB-Cemla-IFC) &#8211; Brazilian data collection system and BPM6 issues \u2013 24 de julho de 2015<\/a><\/p><p>[<a href=\"#IndRef_13\">Ref 13<\/a>] <a href=\"http:\/\/www.bcb.gov.br\/pec\/appron\/apres\/The%20Brazilian%20Experience%20on%20Estimating%20Reinvested%20Earnings.pptx\">Apresenta\u00e7\u00e3o \u2013 Grupo de Trabalho em Estat\u00edsticas de Investimentos Internacionais da OECD &#8211; The Brazilian Experience on Estimating Reinvested Earnings<\/a><\/p><p>[<a href=\"#IndRef_6\">Ref. 6<\/a>] <a href=\"http:\/\/www.bcb.gov.br\/htms\/infecon\/Seriehist_bpm5.asp\">S\u00e9rie hist\u00f3rica do Balan\u00e7o de Pagamentos &#8211; 5\u00aa edi\u00e7\u00e3o do Manual de Balan\u00e7o de Pagamentos e Posi\u00e7\u00e3o de Investimento Internacional (BPM5)<\/a><\/p><p><a href=\"#IndRef_7\">[Ref. 7<\/a>] Business Dictionary<\/p><p>[<a href=\"#IndRef_8\">Ref. 8<\/a>] <a href=\"http:\/\/www.yourarticlelibrary.com\/foreign-trade\/the-meaning-and-definition-of-foreign-trade-or-international-trade-explained\/5972\/\">The Meaning and Definition of Foreign Trade or International Trade Smriti Chand<\/a><\/p><p>________________<\/p>\t\t\t\t\t<\/div>\n\t\t\t\t\t\t<\/div>\n\t\t\t\t<\/div>\n\t\t\t\t\t\t<\/div>\n\t\t\t\t\t<\/div>\n\t\t<\/div>\n\t\t\t\t\t\t\t\t<\/div>\n\t\t\t\t\t<\/div>\n\t\t<\/section>\n\t\t\t\t\t\t\t\t\t<\/div>\n\t\t\t<\/div>\n\t\t\t\t\t<\/div>\n\t\t","protected":false},"excerpt":{"rendered":"<p>Economia e Energia &#8211; E&amp;E N\u00ba 96, julho a setembro &nbsp;2017 ISSN 1518-2932 ANEXO 2: PRINCIPAIS LINKS E REFER\u00caNCIAS RELACIONADOS AO TEMA &nbsp;[Ref 1] International Merchandise Trade Statistics: Concepts and Definitions 2010 (IMTS 2010) [Ref.2] System of National Accounts 2008 &#8211; 2008 SNA [Ref. 3] Balance of Payments and International Investment Position. Manual Sixth Edition &hellip; <\/p>\n<p class=\"link-more\"><a href=\"https:\/\/ecen.com.br\/?page_id=748\" class=\"more-link\">Continue lendo<span class=\"screen-reader-text\"> &#8220;A2: Principais Links e Refer\u00eancias&#8221;<\/span><\/a><\/p>\n","protected":false},"author":1,"featured_media":0,"parent":641,"menu_order":3,"comment_status":"closed","ping_status":"closed","template":"","meta":[],"_links":{"self":[{"href":"https:\/\/ecen.com.br\/index.php?rest_route=\/wp\/v2\/pages\/748"}],"collection":[{"href":"https:\/\/ecen.com.br\/index.php?rest_route=\/wp\/v2\/pages"}],"about":[{"href":"https:\/\/ecen.com.br\/index.php?rest_route=\/wp\/v2\/types\/page"}],"author":[{"embeddable":true,"href":"https:\/\/ecen.com.br\/index.php?rest_route=\/wp\/v2\/users\/1"}],"replies":[{"embeddable":true,"href":"https:\/\/ecen.com.br\/index.php?rest_route=%2Fwp%2Fv2%2Fcomments&post=748"}],"version-history":[{"count":7,"href":"https:\/\/ecen.com.br\/index.php?rest_route=\/wp\/v2\/pages\/748\/revisions"}],"predecessor-version":[{"id":4435,"href":"https:\/\/ecen.com.br\/index.php?rest_route=\/wp\/v2\/pages\/748\/revisions\/4435"}],"up":[{"embeddable":true,"href":"https:\/\/ecen.com.br\/index.php?rest_route=\/wp\/v2\/pages\/641"}],"wp:attachment":[{"href":"https:\/\/ecen.com.br\/index.php?rest_route=%2Fwp%2Fv2%2Fmedia&parent=748"}],"curies":[{"name":"wp","href":"https:\/\/api.w.org\/{rel}","templated":true}]}}