{"id":1798,"date":"2018-06-01T15:39:56","date_gmt":"2018-06-01T18:39:56","guid":{"rendered":"http:\/\/ecen.com.br\/?page_id=1798"},"modified":"2019-03-08T18:48:30","modified_gmt":"2019-03-08T21:48:30","slug":"ano-2018","status":"publish","type":"page","link":"https:\/\/ecen.com.br\/?page_id=1798","title":{"rendered":"Ano 2018"},"content":{"rendered":"\t\t<div data-elementor-type=\"wp-post\" data-elementor-id=\"1798\" class=\"elementor elementor-1798 elementor-bc-flex-widget\">\n\t\t\t\t\t\t<div class=\"elementor-inner\">\n\t\t\t\t<div class=\"elementor-section-wrap\">\n\t\t\t\t\t\t\t\t\t<section class=\"elementor-section elementor-top-section elementor-element elementor-element-2542be3 elementor-section-boxed elementor-section-height-default elementor-section-height-default\" data-id=\"2542be3\" data-element_type=\"section\">\n\t\t\t\t\t\t<div class=\"elementor-container elementor-column-gap-default\">\n\t\t\t\t\t\t\t<div class=\"elementor-row\">\n\t\t\t\t\t<div class=\"elementor-column elementor-col-50 elementor-top-column elementor-element elementor-element-bdaa9d4\" data-id=\"bdaa9d4\" data-element_type=\"column\">\n\t\t\t<div class=\"elementor-column-wrap elementor-element-populated\">\n\t\t\t\t\t\t\t<div class=\"elementor-widget-wrap\">\n\t\t\t\t\t\t<div class=\"elementor-element elementor-element-207bb30 elementor-widget elementor-widget-image\" data-id=\"207bb30\" data-element_type=\"widget\" data-widget_type=\"image.default\">\n\t\t\t\t<div class=\"elementor-widget-container\">\n\t\t\t\t\t\t\t\t<div class=\"elementor-image\">\n\t\t\t\t\t\t\t\t\t\t\t\t\t<a href=\"http:\/\/ecen.com.br\/wp-content\/uploads\/2018\/12\/eee101_net.pdf\">\n\t\t\t\t\t\t\t<img width=\"420\" height=\"595\" src=\"https:\/\/ecen.com.br\/wp-content\/uploads\/2018\/12\/capaeee101.png\" class=\"attachment-large size-large\" alt=\"\" loading=\"lazy\" srcset=\"https:\/\/ecen.com.br\/wp-content\/uploads\/2018\/12\/capaeee101.png 420w, https:\/\/ecen.com.br\/wp-content\/uploads\/2018\/12\/capaeee101-212x300.png 212w\" sizes=\"100vw\" \/>\t\t\t\t\t\t\t\t<\/a>\n\t\t\t\t\t\t\t\t\t\t\t\t\t\t<\/div>\n\t\t\t\t\t\t<\/div>\n\t\t\t\t<\/div>\n\t\t\t\t\t\t<\/div>\n\t\t\t\t\t<\/div>\n\t\t<\/div>\n\t\t\t\t<div class=\"elementor-column elementor-col-50 elementor-top-column elementor-element elementor-element-80e971a\" data-id=\"80e971a\" data-element_type=\"column\">\n\t\t\t<div class=\"elementor-column-wrap elementor-element-populated\">\n\t\t\t\t\t\t\t<div class=\"elementor-widget-wrap\">\n\t\t\t\t\t\t<div class=\"elementor-element elementor-element-70e0ec3 elementor-widget elementor-widget-text-editor\" data-id=\"70e0ec3\" data-element_type=\"widget\" data-widget_type=\"text-editor.default\">\n\t\t\t\t<div class=\"elementor-widget-container\">\n\t\t\t\t\t\t\t\t<div class=\"elementor-text-editor elementor-clearfix\">\n\t\t\t\t<p><a href=\"http:\/\/ecen.com.br\/?page_id=2942\">O Territ\u00f3rio Econ\u00f4mico Brasileiro \u00e9 Nosso<\/a>?<\/p><p><a href=\"http:\/\/ecen.com.br\/?page_id=2951\">Efeito estufa: Uma Morat\u00f3ria para o Metano<\/a><\/p><p><a href=\"http:\/\/ecen.com.br\/?page_id=2954\">Uma Pol\u00edtica Nuclear de Estado para o Brasil<\/a><\/p><p><a href=\"http:\/\/ecen.com.br\/?page_id=2957\">O Territ\u00f3rio Econ\u00f4mico Nacional\u00a0<\/a><\/p><p><a href=\"http:\/\/ecen.com.br\/?page_id=2866\">Toda Revista E&amp;E 101<\/a><\/p><p><a style=\"font-size: 1rem; background-color: #ffffff;\" href=\"http:\/\/ecen.com.br\/wp-content\/uploads\/2018\/12\/eee101_net.pdf\">Toda E&amp;E 101 em pdf<\/a><\/p>\t\t\t\t\t<\/div>\n\t\t\t\t\t\t<\/div>\n\t\t\t\t<\/div>\n\t\t\t\t\t\t<\/div>\n\t\t\t\t\t<\/div>\n\t\t<\/div>\n\t\t\t\t\t\t\t\t<\/div>\n\t\t\t\t\t<\/div>\n\t\t<\/section>\n\t\t\t\t<section class=\"elementor-section elementor-top-section elementor-element elementor-element-37ce4e4 elementor-section-boxed elementor-section-height-default elementor-section-height-default\" data-id=\"37ce4e4\" data-element_type=\"section\">\n\t\t\t\t\t\t<div class=\"elementor-container elementor-column-gap-default\">\n\t\t\t\t\t\t\t<div class=\"elementor-row\">\n\t\t\t\t\t<div class=\"elementor-column elementor-col-100 elementor-top-column elementor-element elementor-element-01eea7e\" data-id=\"01eea7e\" data-element_type=\"column\">\n\t\t\t<div class=\"elementor-column-wrap elementor-element-populated\">\n\t\t\t\t\t\t\t<div class=\"elementor-widget-wrap\">\n\t\t\t\t\t\t<section class=\"elementor-section elementor-inner-section elementor-element elementor-element-657bdab elementor-section-boxed elementor-section-height-default elementor-section-height-default\" data-id=\"657bdab\" data-element_type=\"section\">\n\t\t\t\t\t\t<div class=\"elementor-container elementor-column-gap-default\">\n\t\t\t\t\t\t\t<div class=\"elementor-row\">\n\t\t\t\t\t<div class=\"elementor-column elementor-col-50 elementor-inner-column elementor-element elementor-element-d22ab7d\" data-id=\"d22ab7d\" data-element_type=\"column\">\n\t\t\t<div class=\"elementor-column-wrap elementor-element-populated\">\n\t\t\t\t\t\t\t<div class=\"elementor-widget-wrap\">\n\t\t\t\t\t\t<div class=\"elementor-element elementor-element-e7b58a9 elementor-widget elementor-widget-image\" data-id=\"e7b58a9\" data-element_type=\"widget\" data-widget_type=\"image.default\">\n\t\t\t\t<div class=\"elementor-widget-container\">\n\t\t\t\t\t\t\t\t<div class=\"elementor-image\">\n\t\t\t\t\t\t\t\t\t\t\t\t\t<a href=\"http:\/\/ecen.com.br\/wp-content\/uploads\/2018\/10\/eee100net.pdf\">\n\t\t\t\t\t\t\t<img width=\"420\" height=\"595\" src=\"https:\/\/ecen.com.br\/wp-content\/uploads\/2018\/11\/capas_eee100emA5_001-e1543003021653.png\" class=\"attachment-medium_large size-medium_large\" alt=\"\" loading=\"lazy\" sizes=\"100vw\" \/>\t\t\t\t\t\t\t\t<\/a>\n\t\t\t\t\t\t\t\t\t\t\t\t\t\t<\/div>\n\t\t\t\t\t\t<\/div>\n\t\t\t\t<\/div>\n\t\t\t\t\t\t<\/div>\n\t\t\t\t\t<\/div>\n\t\t<\/div>\n\t\t\t\t<div class=\"elementor-column elementor-col-50 elementor-inner-column elementor-element elementor-element-c78b78b\" data-id=\"c78b78b\" data-element_type=\"column\">\n\t\t\t<div class=\"elementor-column-wrap elementor-element-populated\">\n\t\t\t\t\t\t\t<div class=\"elementor-widget-wrap\">\n\t\t\t\t\t\t<div class=\"elementor-element elementor-element-8d8f0fd elementor-widget elementor-widget-text-editor\" data-id=\"8d8f0fd\" data-element_type=\"widget\" data-widget_type=\"text-editor.default\">\n\t\t\t\t<div class=\"elementor-widget-container\">\n\t\t\t\t\t\t\t\t<div class=\"elementor-text-editor elementor-clearfix\">\n\t\t\t\t<p><a href=\"http:\/\/ecen.com.br\/?page_id=2637\">\u00c9 Cem<\/a><\/p><p><a href=\"http:\/\/ecen.com.br\/?page_id=2681\">Efeito Estufa: Papel de Metano<\/a><\/p><p><a href=\"http:\/\/ecen.com.br\/?p=2503\">Parcerias no Setor Nuclear Brasileiro<\/a><\/p><p><a href=\"http:\/\/ecen.com.br\/?page_id=2687\">Para onde vai o D\u00f3lar<\/a><\/p><p><a href=\"http:\/\/ecen.com.br\/?page_id=2624\">Toda E&amp;E 100<\/a><\/p><p><a href=\"http:\/\/ecen.com.br\/wp-content\/uploads\/2018\/10\/eee100net.pdf\" target=\"_blank\" rel=\"noopener\">Toda E&amp;E 100 em pdf<\/a><\/p>\t\t\t\t\t<\/div>\n\t\t\t\t\t\t<\/div>\n\t\t\t\t<\/div>\n\t\t\t\t\t\t<\/div>\n\t\t\t\t\t<\/div>\n\t\t<\/div>\n\t\t\t\t\t\t\t\t<\/div>\n\t\t\t\t\t<\/div>\n\t\t<\/section>\n\t\t\t\t\t\t<\/div>\n\t\t\t\t\t<\/div>\n\t\t<\/div>\n\t\t\t\t\t\t\t\t<\/div>\n\t\t\t\t\t<\/div>\n\t\t<\/section>\n\t\t\t\t<section class=\"elementor-section elementor-top-section elementor-element elementor-element-27e9962 elementor-section-boxed elementor-section-height-default elementor-section-height-default\" data-id=\"27e9962\" data-element_type=\"section\">\n\t\t\t\t\t\t<div class=\"elementor-container elementor-column-gap-default\">\n\t\t\t\t\t\t\t<div class=\"elementor-row\">\n\t\t\t\t\t<div class=\"elementor-column elementor-col-50 elementor-top-column elementor-element elementor-element-3e5f389\" data-id=\"3e5f389\" data-element_type=\"column\">\n\t\t\t<div class=\"elementor-column-wrap elementor-element-populated\">\n\t\t\t\t\t\t\t<div class=\"elementor-widget-wrap\">\n\t\t\t\t\t\t<div class=\"elementor-element elementor-element-b08f56f elementor-widget elementor-widget-text-editor\" data-id=\"b08f56f\" data-element_type=\"widget\" data-widget_type=\"text-editor.default\">\n\t\t\t\t<div class=\"elementor-widget-container\">\n\t\t\t\t\t\t\t\t<div class=\"elementor-text-editor elementor-clearfix\">\n\t\t\t\t<figure id=\"attachment_2089\" aria-describedby=\"caption-attachment-2089\" style=\"width: 1758px\" class=\"wp-caption aligncenter\"><a href=\"http:\/\/ecen.com.br\/wp-content\/uploads\/2018\/07\/eee99p.pdf\"><img loading=\"lazy\" class=\"size-full wp-image-2089\" src=\"http:\/\/ecen.com.br\/wp-content\/uploads\/2018\/07\/capa_EEE99.jpg\" alt=\"\" width=\"1758\" height=\"2479\" data-wp-pid=\"2089\" srcset=\"https:\/\/ecen.com.br\/wp-content\/uploads\/2018\/07\/capa_EEE99.jpg 1758w, https:\/\/ecen.com.br\/wp-content\/uploads\/2018\/07\/capa_EEE99-213x300.jpg 213w, https:\/\/ecen.com.br\/wp-content\/uploads\/2018\/07\/capa_EEE99-768x1083.jpg 768w, https:\/\/ecen.com.br\/wp-content\/uploads\/2018\/07\/capa_EEE99-726x1024.jpg 726w, https:\/\/ecen.com.br\/wp-content\/uploads\/2018\/07\/capa_EEE99-800x1128.jpg 800w, https:\/\/ecen.com.br\/wp-content\/uploads\/2018\/07\/capa_EEE99-600x846.jpg 600w, https:\/\/ecen.com.br\/wp-content\/uploads\/2018\/07\/capa_EEE99-1200x1692.jpg 1200w\" sizes=\"(max-width: 767px) 89vw, (max-width: 1000px) 54vw, (max-width: 1071px) 543px, 580px\" \/><\/a><figcaption id=\"caption-attachment-2089\" class=\"wp-caption-text\">E&amp;E 99 em Portugu\u00eas<\/figcaption><\/figure><p><a href=\"http:\/\/ecen.com.br\/wp-content\/uploads\/2018\/07\/eee99p.pdf\">Ver e Baixar E&amp;E 99 em Portugu\u00eas<\/a><\/p>\t\t\t\t\t<\/div>\n\t\t\t\t\t\t<\/div>\n\t\t\t\t<\/div>\n\t\t\t\t\t\t<\/div>\n\t\t\t\t\t<\/div>\n\t\t<\/div>\n\t\t\t\t<div class=\"elementor-column elementor-col-50 elementor-top-column elementor-element elementor-element-7bbd581\" data-id=\"7bbd581\" data-element_type=\"column\">\n\t\t\t<div class=\"elementor-column-wrap elementor-element-populated\">\n\t\t\t\t\t\t\t<div class=\"elementor-widget-wrap\">\n\t\t\t\t\t\t<div class=\"elementor-element elementor-element-7031026 elementor-widget elementor-widget-text-editor\" data-id=\"7031026\" data-element_type=\"widget\" data-widget_type=\"text-editor.default\">\n\t\t\t\t<div class=\"elementor-widget-container\">\n\t\t\t\t\t\t\t\t<div class=\"elementor-text-editor elementor-clearfix\">\n\t\t\t\t<p><a href=\"http:\/\/ecen.com.br\/?page_id=2211\">Cuidadosos Passos Rumo \u00e0 Casa da Paz<\/a><\/p><p><a href=\"http:\/\/ecen.com.br\/?page_id=2356\">Agentes Envolvidos na Constru\u00e7\u00e3o de uma Usina Nuclear<\/a><\/p><p><a href=\"http:\/\/ecen.com.br\/?page_id=2361\">A Desnuclreariza\u00e7\u00e3o das Coreias<\/a><\/p><p><a href=\"http:\/\/ecen.com.br\/wp-content\/uploads\/2018\/07\/eee99p.pdf\">Ver e Baixar E&amp;E 99 em Portugu\u00eas<\/a><\/p><p><a href=\"http:\/\/ecen.com.br\/?page_id=2144\">Toda E&amp;E N\u00b0 99<\/a><\/p>\t\t\t\t\t<\/div>\n\t\t\t\t\t\t<\/div>\n\t\t\t\t<\/div>\n\t\t\t\t\t\t<\/div>\n\t\t\t\t\t<\/div>\n\t\t<\/div>\n\t\t\t\t\t\t\t\t<\/div>\n\t\t\t\t\t<\/div>\n\t\t<\/section>\n\t\t\t\t<section class=\"elementor-section elementor-top-section elementor-element elementor-element-6378d563 elementor-section-boxed elementor-section-height-default elementor-section-height-default\" data-id=\"6378d563\" data-element_type=\"section\">\n\t\t\t\t\t\t<div class=\"elementor-container elementor-column-gap-default\">\n\t\t\t\t\t\t\t<div class=\"elementor-row\">\n\t\t\t\t\t<div class=\"elementor-column elementor-col-50 elementor-top-column elementor-element elementor-element-36a93d1\" data-id=\"36a93d1\" data-element_type=\"column\">\n\t\t\t<div class=\"elementor-column-wrap elementor-element-populated\">\n\t\t\t\t\t\t\t<div class=\"elementor-widget-wrap\">\n\t\t\t\t\t\t<div class=\"elementor-element elementor-element-33739603 elementor-widget elementor-widget-image\" data-id=\"33739603\" data-element_type=\"widget\" data-widget_type=\"image.default\">\n\t\t\t\t<div class=\"elementor-widget-container\">\n\t\t\t\t\t\t\t\t<div class=\"elementor-image\">\n\t\t\t\t\t\t\t\t\t\t\t\t\t<a href=\"http:\/\/ecen.com.br\/wp-content\/uploads\/2018\/04\/eee98p.pdf\">\n\t\t\t\t\t\t\t<img width=\"525\" height=\"744\" src=\"https:\/\/ecen.com.br\/wp-content\/uploads\/2018\/03\/eee-98-768x1088.jpg\" class=\"attachment-medium_large size-medium_large\" alt=\"\" loading=\"lazy\" srcset=\"https:\/\/ecen.com.br\/wp-content\/uploads\/2018\/03\/eee-98-768x1088.jpg 768w, https:\/\/ecen.com.br\/wp-content\/uploads\/2018\/03\/eee-98-212x300.jpg 212w, https:\/\/ecen.com.br\/wp-content\/uploads\/2018\/03\/eee-98-723x1024.jpg 723w, https:\/\/ecen.com.br\/wp-content\/uploads\/2018\/03\/eee-98-e1523982418821.jpg 420w\" sizes=\"100vw\" \/>\t\t\t\t\t\t\t\t<\/a>\n\t\t\t\t\t\t\t\t\t\t\t\t\t\t<\/div>\n\t\t\t\t\t\t<\/div>\n\t\t\t\t<\/div>\n\t\t\t\t\t\t<\/div>\n\t\t\t\t\t<\/div>\n\t\t<\/div>\n\t\t\t\t<div class=\"elementor-column elementor-col-50 elementor-top-column elementor-element elementor-element-6f558d76\" data-id=\"6f558d76\" data-element_type=\"column\">\n\t\t\t<div class=\"elementor-column-wrap elementor-element-populated\">\n\t\t\t\t\t\t\t<div class=\"elementor-widget-wrap\">\n\t\t\t\t\t\t<div class=\"elementor-element elementor-element-5c1e617a elementor-widget elementor-widget-text-editor\" data-id=\"5c1e617a\" data-element_type=\"widget\" data-widget_type=\"text-editor.default\">\n\t\t\t\t<div class=\"elementor-widget-container\">\n\t\t\t\t\t\t\t\t<div class=\"elementor-text-editor elementor-clearfix\">\n\t\t\t\t<div class=\"elementor-column-wrap elementor-element-populated\"><div class=\"elementor-widget-wrap ui-sortable\"><div class=\"elementor-element elementor-element-edit-mode elementor-element-3ec2017 elementor-widget ui-sortable-handle elementor-widget-text-editor elementor-widget-can-edit\" data-id=\"3ec2017\" data-element_type=\"text-editor.default\" data-model-cid=\"c61\"><div class=\"elementor-element-overlay\">\u00a0<strong style=\"font-size: 1rem;\"><span lang=\"PT-BR\" xml:lang=\"PT-BR\">E&amp;E N\u00b0 98 janeiro\/mar\u00e7o 2018<\/span><\/strong><\/div><div>\u00a0<\/div><div class=\"elementor-widget-container\"><div class=\"elementor-text-editor elementor-clearfix elementor-inline-editing\" data-elementor-setting-key=\"editor\" data-elementor-inline-editing-toolbar=\"advanced\"><p><span lang=\"PT-BR\" xml:lang=\"PT-BR\">\u00a0<a href=\"http:\/\/ecen.com.br\/?page_id=1190\">\u00c9 a Contabilidade, Est\u00fapido<\/a><\/span><\/p><p><a href=\"http:\/\/ecen.com.br\/?page_id=1195\">Crise Econ\u00f4mica-Financeira na Gera\u00e7\u00e3o de Eletricidade<\/a><\/p><p><a href=\"http:\/\/ecen.com.br\/?page_id=1257\">Atualiza\u00e7\u00e3o do Padr\u00e3o T\u00e9cnico e de Seguran\u00e7a do Projeto de Angra 3<\/a><\/p><p><a href=\"http:\/\/ecen.com.br\/?page_id=1259\">O Poder da Contabilidae<\/a><\/p><p><a href=\"http:\/\/ecen.com.br\/wp-content\/uploads\/2018\/04\/eee98p.pdf\">Ver ou Baixar E&amp;E 98 em pdf<\/a><\/p><p><span style=\"font-size: 1rem;\">\u00a0<\/span><\/p><\/div><\/div><\/div><\/div><\/div>\t\t\t\t\t<\/div>\n\t\t\t\t\t\t<\/div>\n\t\t\t\t<\/div>\n\t\t\t\t\t\t<\/div>\n\t\t\t\t\t<\/div>\n\t\t<\/div>\n\t\t\t\t\t\t\t\t<\/div>\n\t\t\t\t\t<\/div>\n\t\t<\/section>\n\t\t\t\t\t\t\t\t\t<\/div>\n\t\t\t<\/div>\n\t\t\t\t\t<\/div>\n\t\t","protected":false},"excerpt":{"rendered":"<p>O Territ\u00f3rio Econ\u00f4mico Brasileiro \u00e9 Nosso? Efeito estufa: Uma Morat\u00f3ria para o Metano Uma Pol\u00edtica Nuclear de Estado para o Brasil O Territ\u00f3rio Econ\u00f4mico Nacional&nbsp; Toda Revista E&amp;E 101 Toda E&amp;E 101 em pdf \u00c9 Cem Efeito Estufa: Papel de Metano Parcerias no Setor Nuclear Brasileiro Para onde vai o D\u00f3lar Toda E&amp;E 100 Toda &hellip; <\/p>\n<p class=\"link-more\"><a href=\"https:\/\/ecen.com.br\/?page_id=1798\" class=\"more-link\">Continue lendo<span class=\"screen-reader-text\"> &#8220;Ano 2018&#8221;<\/span><\/a><\/p>\n","protected":false},"author":1,"featured_media":0,"parent":0,"menu_order":0,"comment_status":"closed","ping_status":"closed","template":"","meta":[],"_links":{"self":[{"href":"https:\/\/ecen.com.br\/index.php?rest_route=\/wp\/v2\/pages\/1798"}],"collection":[{"href":"https:\/\/ecen.com.br\/index.php?rest_route=\/wp\/v2\/pages"}],"about":[{"href":"https:\/\/ecen.com.br\/index.php?rest_route=\/wp\/v2\/types\/page"}],"author":[{"embeddable":true,"href":"https:\/\/ecen.com.br\/index.php?rest_route=\/wp\/v2\/users\/1"}],"replies":[{"embeddable":true,"href":"https:\/\/ecen.com.br\/index.php?rest_route=%2Fwp%2Fv2%2Fcomments&post=1798"}],"version-history":[{"count":28,"href":"https:\/\/ecen.com.br\/index.php?rest_route=\/wp\/v2\/pages\/1798\/revisions"}],"predecessor-version":[{"id":3137,"href":"https:\/\/ecen.com.br\/index.php?rest_route=\/wp\/v2\/pages\/1798\/revisions\/3137"}],"wp:attachment":[{"href":"https:\/\/ecen.com.br\/index.php?rest_route=%2Fwp%2Fv2%2Fmedia&parent=1798"}],"curies":[{"name":"wp","href":"https:\/\/api.w.org\/{rel}","templated":true}]}}