{"id":2211,"date":"2018-07-27T16:21:13","date_gmt":"2018-07-27T19:21:13","guid":{"rendered":"http:\/\/ecen.com.br\/?page_id=2211"},"modified":"2019-09-18T16:48:13","modified_gmt":"2019-09-18T19:48:13","slug":"cuidadosos-passos-rumo-a-casa-da-paz","status":"publish","type":"page","link":"http:\/\/ecen.com.br\/?page_id=2211","title":{"rendered":"Cuidadosos Passos Rumo \u00e0 Casa da Paz"},"content":{"rendered":"\t\t<div data-elementor-type=\"wp-post\" data-elementor-id=\"2211\" class=\"elementor elementor-2211\">\n\t\t\t\t\t\t<div class=\"elementor-inner\">\n\t\t\t\t<div class=\"elementor-section-wrap\">\n\t\t\t\t\t\t\t\t\t<section class=\"elementor-section elementor-top-section elementor-element elementor-element-2e07f51 elementor-section-boxed elementor-section-height-default elementor-section-height-default\" data-id=\"2e07f51\" data-element_type=\"section\">\n\t\t\t\t\t\t<div class=\"elementor-container elementor-column-gap-default\">\n\t\t\t\t\t\t\t<div class=\"elementor-row\">\n\t\t\t\t\t<div class=\"elementor-column elementor-col-100 elementor-top-column elementor-element elementor-element-4dd771a\" data-id=\"4dd771a\" data-element_type=\"column\">\n\t\t\t<div class=\"elementor-column-wrap elementor-element-populated\">\n\t\t\t\t\t\t\t<div class=\"elementor-widget-wrap\">\n\t\t\t\t\t\t<div class=\"elementor-element elementor-element-f94eed9 elementor-widget elementor-widget-text-editor\" data-id=\"f94eed9\" data-element_type=\"widget\" data-widget_type=\"text-editor.default\">\n\t\t\t\t<div class=\"elementor-widget-container\">\n\t\t\t\t\t\t\t\t<div class=\"elementor-text-editor elementor-clearfix\">\n\t\t\t\t<p><strong><img src=\"http:\/\/eee.org.br\/wp-content\/uploads\/2017\/02\/eee.jpg\" \/><br \/>Economia e Energia &#8211; E&amp;E\u00a0 \u00a0 N\u00ba 99,\u00a0 abril a junho 2018<br \/><\/strong>ISSN 1518-2932<\/p><p><span style=\"color: #0000ff;\"><strong>Palavra do Editor:<\/strong><\/span><\/p><h1><strong><a name=\"_Toc518750985\"><\/a>CUIDADOSOS PASSOS RUMO \u00c0 CASA DA PAZ<\/strong><\/h1><p>A reuni\u00e3o dos l\u00edderes das duas Coreias, em 27\/04\/2018, abriu a perspectiva para que a Guerra da Coreia seja encerrada e as Coreias unificadas. Isto ocorre, ap\u00f3s 65 anos de armist\u00edcio de uma guerra ainda n\u00e3o oficialmente encerrada. Quanto \u00e0 unifica\u00e7\u00e3o, ela \u00e9 identificada pelos l\u00edderes da Coreia do Norte e do Sul como \u201caspira\u00e7\u00e3o maior do povo coreano\u201d e objetivo final da Declara\u00e7\u00e3o de Panmunjom.<\/p><p>Para Moon Jae-in a unifica\u00e7\u00e3o faz parte de sua plataforma eleitoral que conquistou o apoio da popula\u00e7\u00e3o e o levou \u00e0 Presid\u00eancia da Coreia do Sul; para o l\u00edder norte-coreano Kim Jong-un \u00e9 talvez o caminho da sobreviv\u00eancia, rompendo seu isolamento.<\/p><p>O texto da Declara\u00e7\u00e3o de Panmunjom que objetiva a <strong>unifica\u00e7\u00e3o<\/strong> das Coreias foi quase ignorado na imprensa ocidental que se ateve, quase exclusivamente, a um subitem do que se refere a <strong>desnucleariza\u00e7\u00e3o<\/strong> no t\u00f3pico 3 que se refere \u00e0 paz. Ela inclui toda a Pen\u00ednsula e n\u00e3o \u00e9 uma ren\u00fancia unilateral da Coreia do Norte \u00e0s armas nucleares; significa tamb\u00e9m livr\u00e1-la da amea\u00e7a das bombas nucleares americanas, incluindo as impl\u00edcitas nas manobras Coreia do Sul\/EUA.<\/p><p>A Declara\u00e7\u00e3o reafirma boas inten\u00e7\u00f5es em alcan\u00e7ar a paz na Pen\u00ednsula Coreana e sua reunifica\u00e7\u00e3o (termo n\u00e3o usado pelos coreanos). Nisso n\u00e3o diverge de manifesta\u00e7\u00f5es anteriores. O que a diferencia de outras declara\u00e7\u00f5es gen\u00e9ricas \u00e9 que foi feita pelas mais altas autoridades e as circunst\u00e2ncias decorrentes da posse de armamentos nucleares pela Coreia do Norte que tornou o assunto mais urgente para a comunidade internacional.<\/p><p>Na vers\u00e3o integral da Declara\u00e7\u00e3o, que pode ser vista no Anexo 1 do artigo sobre a desnucleariza\u00e7\u00e3o das Coreias, chama a aten\u00e7\u00e3o o pragm\u00e1tico plano aprovado em dire\u00e7\u00e3o \u00e0 reunifica\u00e7\u00e3o. O texto resulta de um longo processo de negocia\u00e7\u00e3o anterior que reflete um surpreendente entendimento sobre os passos a seguir. Ela contrasta com o car\u00e1ter vago da declara\u00e7\u00e3o Trump x Kim Jong-un, onde apenas s\u00e3o delineados alguns princ\u00edpios gerais a serem considerados nas a\u00e7\u00f5es futuras.<\/p><p>A Declara\u00e7\u00e3o dos dois l\u00edderes coreanos parte do princ\u00edpio que a situa\u00e7\u00e3o presente \u00e9 uma \u201c<strong>velha heran\u00e7a da Guerra Fria<\/strong>\u201d. As Coreias \u201cabordam corajosamente uma nova era de reconcilia\u00e7\u00e3o nacional, paz e prosperidade e de cultivo de rela\u00e7\u00f5es intercoreanas\u201d. S\u00e3o detalhadas medidas em 3 t\u00f3picos principais:<\/p><ol><li><strong> Unifica\u00e7\u00e3o liderada pelos coreanos<\/strong> facilitando um avan\u00e7o abrangente e inovador nas rela\u00e7\u00f5es entre as Coreias,<\/li><li>Esfor\u00e7os conjuntos para <strong>aliviar a tens\u00e3o militar e eliminar o perigo de guerra <\/strong>na Pen\u00ednsula,<\/li><li><strong> Estabelecimento <\/strong>de<strong> um regime de paz na Pen\u00ednsula<\/strong>, identificada como miss\u00e3o hist\u00f3rica que n\u00e3o deve mais ser adiada, acabando com o estado \u201cantinatural de armist\u00edcio\u201d.<\/li><\/ol><p>Sobre cada um destes t\u00f3picos s\u00e3o detalhadas medidas pr\u00e1ticas. No primeiro t\u00f3pico, \u00e9 dado um grande destaque a lideran\u00e7a dos coreanos no processo de reunifica\u00e7\u00e3o, As Coreias atuar\u00e3o para implementar acordos j\u00e1 existentes, promover a\u00e7\u00f5es e reuni\u00f5es, inclusive outras de alto n\u00edvel. Foi criado um grupo permanente, localizado do lado norte da fronteira, na cidade de Gaeseong que j\u00e1 foi sede do governo imperial da Coreia.<\/p><p>Os esfor\u00e7os conjuntos para concretizar o t\u00f3pico 2 passam por reduzir a\u00e7\u00f5es hostis, evitando a\u00e7\u00f5es militares provocativas que vinham ocorrendo e tamb\u00e9m a\u00e7\u00f5es de propaganda que o Sul vinha fazendo com a distribui\u00e7\u00e3o de folhetos e atrav\u00e9s de alto-falantes na fronteira, tentando a ades\u00e3o popular ou deser\u00e7\u00f5es no vizinho do norte. Incluem ainda reuni\u00f5es de alto n\u00edvel e uma intensa atividade de aproxima\u00e7\u00e3o cultural e esportiva que, pelas not\u00edcias divulgadas, segue se concretizando.<\/p><p>A lista de a\u00e7\u00f5es propostas, para os dois primeiros t\u00f3picos, parece\u00a0 fact\u00edvel e muito coerente com os objetivos anunciados.<\/p><p>No terceiro t\u00f3pico, reafirma-se o Acordo de N\u00e3o Agress\u00e3o e \u00e9 proposto um processo de desarmamento em fases, na medida em que seja reduzida a tens\u00e3o militar. Sabedores que a paz na Coreia \u00e9 assunto que n\u00e3o se resolve sem a participa\u00e7\u00e3o de EUA e China, s\u00e3o propostas reuni\u00f5es trilaterais e quadrilaterais com esses pa\u00edses com vistas a <strong>estabelecer o fim da guerra<\/strong> e <strong>um s\u00f3lido regime de paz permanente<\/strong>. Como \u00faltimo item, prop\u00f5e-se a alcan\u00e7ar, <strong>atrav\u00e9s da desnucleariza\u00e7\u00e3o<\/strong> completa, <strong>uma Pen\u00ednsula Coreana livre de armas nucleares<\/strong>. As Coreias concordaram em buscar apoio e coopera\u00e7\u00e3o da comunidade internacional para alcan\u00e7ar este objetivo.<\/p><p>Foram estabelecidos meios de comunica\u00e7\u00e3o direta entre os l\u00edderes coreanos, inclusive por via telef\u00f4nica. Na crise que quase anulou a reuni\u00e3o entre o presidente americano e o l\u00edder norte-coreano houve not\u00edcias de intensa articula\u00e7\u00e3o entre as duas Coreias.<\/p><p>Parece haver uma determina\u00e7\u00e3o oriental de alcan\u00e7ar, com paci\u00eancia e perseveran\u00e7a, a reunifica\u00e7\u00e3o (termo n\u00e3o utilizado pelos coreanos que falam sempre de unifica\u00e7\u00e3o). A ideia de promover encontros com os pa\u00edses envolvidos est\u00e1 sendo perseguida com persist\u00eancia. Por outro lado, as iniciativas de relacionamento cultural e institucional est\u00e3o acontecendo.<\/p><p>As duas partes souberam identificar em fatores externos os principais obst\u00e1culos \u00e0 unifica\u00e7\u00e3o. A simples assimila\u00e7\u00e3o da Coreia do Norte pela Coreia do Sul, como ocorreu na Alemanha, nunca seria aceita pela China, que n\u00e3o toleraria tropas americanas em sua fronteira o que igualmente n\u00e3o deseja a R\u00fassia. A hip\u00f3tese contr\u00e1ria, da unifica\u00e7\u00e3o com predom\u00ednio do regime do Norte, \u00e9 recha\u00e7ada pela amea\u00e7a que representa ao Jap\u00e3o que motivou a Guerra da Coreia no in\u00edcio dos anos 50. Al\u00e9m disso, o n\u00edvel de progresso que hoje desfruta a popula\u00e7\u00e3o da Coreia do Sul funciona, como planejado, para tornar a hip\u00f3tese inaceit\u00e1vel.<\/p><p>A solu\u00e7\u00e3o parece passar por uma Coreia unificada e equidistante entre China e EUA a exemplo do que ocorreu na \u00c1ustria, inicialmente dividida ao final da segunda Guerra Mundial e unificada com o compromisso de neutralidade. O caminho indicado pela Declara\u00e7\u00e3o de Panmunjom \u00e9 de alcan\u00e7ar a paz, normalizar a rela\u00e7\u00e3o humana, cultural e comercial entre as duas Coreias para depois alcan\u00e7ar a unifica\u00e7\u00e3o. Para isso, seria necess\u00e1rio desmontar a situa\u00e7\u00e3o de Guerra Fria que ainda persiste, encontrando um entendimento entre China e EUA e um consentimento de R\u00fassia e Jap\u00e3o.<\/p><p>Declara\u00e7\u00f5es de Donald Trump, ap\u00f3s a reuni\u00e3o de c\u00fapula com a Coreia do Norte, deram a pista de que isto foi tratado e existe alguma possibilidade de \u00eaxito. Come\u00e7aria com a suspens\u00e3o de manobras militares conjuntas da Coreia do Sul com os EUA que o pr\u00f3prio Trump reconheceu como provocativas. Obviamente a sa\u00edda das tropas americanas do Sul, que o presidente americano considerou poss\u00edveis e at\u00e9 desej\u00e1veis no futuro, seria indispens\u00e1vel em um quadro de neutralidade na Pen\u00ednsula assim como uma redu\u00e7\u00e3o da presen\u00e7a chinesa no Norte. O dif\u00edcil \u00e9 imaginar que a Administra\u00e7\u00e3o Trump seja capaz disso, mas foi Nixon que alcan\u00e7ou a distens\u00e3o com a China e finalizou o conflito com o Vietnam. A diferen\u00e7a maior talvez seja que Nixon tinha Henry Kissinger como Secret\u00e1rio de Estado.<\/p><p><em>Carlos Feu Alvim\u00a0<\/em><\/p><p>\u00a0|<a href=\"http:\/\/ecen.com.br\/?page_id=2211\">Cuidadosos Passos Rumo \u00e0 Casa da Paz<\/a>| |<a href=\"http:\/\/ecen.com.br\/?page_id=2356\">Agentes Envolvidos na Constru\u00e7\u00e3o de uma Usina Nuclear|\u00a0|<\/a><a href=\"http:\/\/ecen.com.br\/?page_id=2361\">A Desnuclreariza\u00e7\u00e3o das Coreias|<\/a><\/p>\t\t\t\t\t<\/div>\n\t\t\t\t\t\t<\/div>\n\t\t\t\t<\/div>\n\t\t\t\t\t\t<\/div>\n\t\t\t\t\t<\/div>\n\t\t<\/div>\n\t\t\t\t\t\t\t\t<\/div>\n\t\t\t\t\t<\/div>\n\t\t<\/section>\n\t\t\t\t<section class=\"elementor-section elementor-top-section elementor-element elementor-element-a2ef495 elementor-section-boxed elementor-section-height-default elementor-section-height-default\" data-id=\"a2ef495\" data-element_type=\"section\">\n\t\t\t\t\t\t<div class=\"elementor-container elementor-column-gap-default\">\n\t\t\t\t\t\t\t<div class=\"elementor-row\">\n\t\t\t\t\t<div class=\"elementor-column elementor-col-100 elementor-top-column elementor-element elementor-element-723d3ac\" data-id=\"723d3ac\" data-element_type=\"column\">\n\t\t\t<div class=\"elementor-column-wrap elementor-element-populated\">\n\t\t\t\t\t\t\t<div class=\"elementor-widget-wrap\">\n\t\t\t\t\t\t<div class=\"elementor-element elementor-element-faddb35 elementor-arrows-position-inside elementor-pagination-position-outside elementor-widget elementor-widget-image-carousel\" data-id=\"faddb35\" data-element_type=\"widget\" data-settings=\"{&quot;slides_to_show&quot;:&quot;1&quot;,&quot;navigation&quot;:&quot;both&quot;,&quot;autoplay&quot;:&quot;yes&quot;,&quot;pause_on_hover&quot;:&quot;yes&quot;,&quot;pause_on_interaction&quot;:&quot;yes&quot;,&quot;autoplay_speed&quot;:5000,&quot;infinite&quot;:&quot;yes&quot;,&quot;effect&quot;:&quot;slide&quot;,&quot;speed&quot;:500}\" data-widget_type=\"image-carousel.default\">\n\t\t\t\t<div class=\"elementor-widget-container\">\n\t\t\t\t\t<div class=\"elementor-image-carousel-wrapper swiper-container\" dir=\"ltr\">\n\t\t\t<div class=\"elementor-image-carousel swiper-wrapper\">\n\t\t\t\t\t\t\t\t<div class=\"swiper-slide\"><figure class=\"swiper-slide-inner\"><img class=\"swiper-slide-image\" src=\"http:\/\/ecen.com.br\/wp-content\/uploads\/2018\/07\/capa_EEE99-726x1024.jpg\" alt=\"E&amp;E 99 em Portugues\" \/><\/figure><\/div><div class=\"swiper-slide\"><figure class=\"swiper-slide-inner\"><img class=\"swiper-slide-image\" src=\"http:\/\/ecen.com.br\/wp-content\/uploads\/2018\/08\/Ultra-840x1024.png\" alt=\"Ultra\" \/><\/figure><\/div><div class=\"swiper-slide\"><figure class=\"swiper-slide-inner\"><img class=\"swiper-slide-image\" src=\"http:\/\/ecen.com.br\/wp-content\/uploads\/2018\/08\/ecen-logo2-1024x741.jpg\" alt=\"ecen logo\" \/><\/figure><\/div>\t\t\t<\/div>\n\t\t\t\t\t\t\t\t\t\t\t\t<div class=\"swiper-pagination\"><\/div>\n\t\t\t\t\t\t\t\t\t\t\t\t\t<div class=\"elementor-swiper-button elementor-swiper-button-prev\">\n\t\t\t\t\t\t<i aria-hidden=\"true\" class=\"eicon-chevron-left\"><\/i>\t\t\t\t\t\t<span class=\"elementor-screen-only\">Anterior<\/span>\n\t\t\t\t\t<\/div>\n\t\t\t\t\t<div class=\"elementor-swiper-button elementor-swiper-button-next\">\n\t\t\t\t\t\t<i aria-hidden=\"true\" class=\"eicon-chevron-right\"><\/i>\t\t\t\t\t\t<span class=\"elementor-screen-only\">Pr\u00f3ximo<\/span>\n\t\t\t\t\t<\/div>\n\t\t\t\t\t\t\t\t\t<\/div>\n\t\t\t\t<\/div>\n\t\t\t\t<\/div>\n\t\t\t\t\t\t<\/div>\n\t\t\t\t\t<\/div>\n\t\t<\/div>\n\t\t\t\t\t\t\t\t<\/div>\n\t\t\t\t\t<\/div>\n\t\t<\/section>\n\t\t\t\t\t\t\t\t\t<\/div>\n\t\t\t<\/div>\n\t\t\t\t\t<\/div>\n\t\t","protected":false},"excerpt":{"rendered":"<p>Economia e Energia &#8211; E&amp;E&nbsp; &nbsp; N\u00ba 99,&nbsp; abril a junho 2018 ISSN 1518-2932 Palavra do Editor: CUIDADOSOS PASSOS RUMO \u00c0 CASA DA PAZ A reuni\u00e3o dos l\u00edderes das duas Coreias, em 27\/04\/2018, abriu a perspectiva para que a Guerra da Coreia seja encerrada e as Coreias unificadas. Isto ocorre, ap\u00f3s 65 anos de armist\u00edcio &hellip; <\/p>\n<p class=\"link-more\"><a href=\"http:\/\/ecen.com.br\/?page_id=2211\" class=\"more-link\">Continue lendo<span class=\"screen-reader-text\"> &#8220;Cuidadosos Passos Rumo \u00e0 Casa da Paz&#8221;<\/span><\/a><\/p>\n","protected":false},"author":1,"featured_media":1863,"parent":2074,"menu_order":1,"comment_status":"open","ping_status":"closed","template":"","meta":[],"_links":{"self":[{"href":"http:\/\/ecen.com.br\/index.php?rest_route=\/wp\/v2\/pages\/2211"}],"collection":[{"href":"http:\/\/ecen.com.br\/index.php?rest_route=\/wp\/v2\/pages"}],"about":[{"href":"http:\/\/ecen.com.br\/index.php?rest_route=\/wp\/v2\/types\/page"}],"author":[{"embeddable":true,"href":"http:\/\/ecen.com.br\/index.php?rest_route=\/wp\/v2\/users\/1"}],"replies":[{"embeddable":true,"href":"http:\/\/ecen.com.br\/index.php?rest_route=%2Fwp%2Fv2%2Fcomments&post=2211"}],"version-history":[{"count":18,"href":"http:\/\/ecen.com.br\/index.php?rest_route=\/wp\/v2\/pages\/2211\/revisions"}],"predecessor-version":[{"id":4023,"href":"http:\/\/ecen.com.br\/index.php?rest_route=\/wp\/v2\/pages\/2211\/revisions\/4023"}],"up":[{"embeddable":true,"href":"http:\/\/ecen.com.br\/index.php?rest_route=\/wp\/v2\/pages\/2074"}],"wp:featuredmedia":[{"embeddable":true,"href":"http:\/\/ecen.com.br\/index.php?rest_route=\/wp\/v2\/media\/1863"}],"wp:attachment":[{"href":"http:\/\/ecen.com.br\/index.php?rest_route=%2Fwp%2Fv2%2Fmedia&parent=2211"}],"curies":[{"name":"wp","href":"https:\/\/api.w.org\/{rel}","templated":true}]}}