{"id":1802,"date":"2018-06-01T15:40:23","date_gmt":"2018-06-01T18:40:23","guid":{"rendered":"http:\/\/ecen.com.br\/?page_id=1802"},"modified":"2018-11-06T22:44:44","modified_gmt":"2018-11-07T00:44:44","slug":"ano-2016","status":"publish","type":"page","link":"http:\/\/ecen.com.br\/?page_id=1802","title":{"rendered":"Ano 2016"},"content":{"rendered":"\t\t<div data-elementor-type=\"wp-post\" data-elementor-id=\"1802\" class=\"elementor elementor-1802 elementor-bc-flex-widget\">\n\t\t\t\t\t\t<div class=\"elementor-inner\">\n\t\t\t\t<div class=\"elementor-section-wrap\">\n\t\t\t\t\t\t\t\t\t<section class=\"elementor-section elementor-top-section elementor-element elementor-element-6f101bb5 elementor-section-boxed elementor-section-height-default elementor-section-height-default\" data-id=\"6f101bb5\" data-element_type=\"section\">\n\t\t\t\t\t\t<div class=\"elementor-container elementor-column-gap-default\">\n\t\t\t\t\t\t\t<div class=\"elementor-row\">\n\t\t\t\t\t<div class=\"elementor-column elementor-col-100 elementor-top-column elementor-element elementor-element-7268a73f\" data-id=\"7268a73f\" data-element_type=\"column\">\n\t\t\t<div class=\"elementor-column-wrap elementor-element-populated\">\n\t\t\t\t\t\t\t<div class=\"elementor-widget-wrap\">\n\t\t\t\t\t\t<section class=\"elementor-section elementor-inner-section elementor-element elementor-element-1c7b39d3 elementor-section-boxed elementor-section-height-default elementor-section-height-default\" data-id=\"1c7b39d3\" data-element_type=\"section\">\n\t\t\t\t\t\t<div class=\"elementor-container elementor-column-gap-default\">\n\t\t\t\t\t\t\t<div class=\"elementor-row\">\n\t\t\t\t\t<div class=\"elementor-column elementor-col-50 elementor-inner-column elementor-element elementor-element-58a10f02\" data-id=\"58a10f02\" data-element_type=\"column\">\n\t\t\t<div class=\"elementor-column-wrap elementor-element-populated\">\n\t\t\t\t\t\t\t<div class=\"elementor-widget-wrap\">\n\t\t\t\t\t\t<div class=\"elementor-element elementor-element-41ced455 elementor-widget elementor-widget-image\" data-id=\"41ced455\" data-element_type=\"widget\" data-widget_type=\"image.default\">\n\t\t\t\t<div class=\"elementor-widget-container\">\n\t\t\t\t\t\t\t\t<div class=\"elementor-image\">\n\t\t\t\t\t\t\t\t\t\t\t\t\t<a href=\"http:\/\/ecen.com.br\/wp-content\/uploads\/2017\/02\/eee93.pdf\">\n\t\t\t\t\t\t\t<img width=\"215\" height=\"300\" src=\"http:\/\/ecen.com.br\/wp-content\/uploads\/2017\/02\/cropped-93capa1_001-e1486643563777-215x300.jpg\" class=\"attachment-medium size-medium\" alt=\"\" loading=\"lazy\" srcset=\"http:\/\/ecen.com.br\/wp-content\/uploads\/2017\/02\/cropped-93capa1_001-e1486643563777-215x300.jpg 215w, http:\/\/ecen.com.br\/wp-content\/uploads\/2017\/02\/cropped-93capa1_001-e1486643563777-768x1073.jpg 768w, http:\/\/ecen.com.br\/wp-content\/uploads\/2017\/02\/cropped-93capa1_001-e1486643563777-733x1024.jpg 733w, http:\/\/ecen.com.br\/wp-content\/uploads\/2017\/02\/cropped-93capa1_001-e1486643563777.jpg 1200w, http:\/\/ecen.com.br\/wp-content\/uploads\/2017\/02\/cropped-93capa1_001-e1486643563777-800x1118.jpg 800w, http:\/\/ecen.com.br\/wp-content\/uploads\/2017\/02\/cropped-93capa1_001-e1486643563777-600x839.jpg 600w\" sizes=\"100vw\" \/>\t\t\t\t\t\t\t\t<\/a>\n\t\t\t\t\t\t\t\t\t\t\t\t\t\t<\/div>\n\t\t\t\t\t\t<\/div>\n\t\t\t\t<\/div>\n\t\t\t\t\t\t<\/div>\n\t\t\t\t\t<\/div>\n\t\t<\/div>\n\t\t\t\t<div class=\"elementor-column elementor-col-50 elementor-inner-column elementor-element elementor-element-333a266a\" data-id=\"333a266a\" data-element_type=\"column\">\n\t\t\t<div class=\"elementor-column-wrap elementor-element-populated\">\n\t\t\t\t\t\t\t<div class=\"elementor-widget-wrap\">\n\t\t\t\t\t\t<div class=\"elementor-element elementor-element-69ef8d1c elementor-widget elementor-widget-text-editor\" data-id=\"69ef8d1c\" data-element_type=\"widget\" data-widget_type=\"text-editor.default\">\n\t\t\t\t<div class=\"elementor-widget-container\">\n\t\t\t\t\t\t\t\t<div class=\"elementor-text-editor elementor-clearfix\">\n\t\t\t\t<p><a href=\"http:\/\/ecen.com.br\/?page_id=16#inicio93\"><strong>E&amp;E N\u00b0 93 outubro\/dezembro 2016<\/strong><\/a><\/p><p><a href=\"http:\/\/ecen.com.br\/?page_id=16#inicio93\">Palavras do Editor<\/a><\/p><p><a href=\"http:\/\/ecen.com.br\/?page_id=2041\">Porque \u00e9 Necess\u00e1ria uma Pol\u00edtica Nuclear<\/a><\/p><p><a href=\"http:\/\/ecen.com.br\/?page_id=82\">O que \u00e9 Estrat\u00e9gico na Energia Nuclear<\/a><\/p><p><a href=\"http:\/\/ecen.com.br\/?page_id=151\">Tango X Samba<\/a><\/p><p><a href=\"http:\/\/ecen.com.br\/wp-content\/uploads\/2016\/05\/eee93.pdf\">Ver ou Baixar E&amp;E 93 em pdf<\/a><\/p>\t\t\t\t\t<\/div>\n\t\t\t\t\t\t<\/div>\n\t\t\t\t<\/div>\n\t\t\t\t\t\t<\/div>\n\t\t\t\t\t<\/div>\n\t\t<\/div>\n\t\t\t\t\t\t\t\t<\/div>\n\t\t\t\t\t<\/div>\n\t\t<\/section>\n\t\t\t\t\t\t<\/div>\n\t\t\t\t\t<\/div>\n\t\t<\/div>\n\t\t\t\t\t\t\t\t<\/div>\n\t\t\t\t\t<\/div>\n\t\t<\/section>\n\t\t\t\t\t\t\t\t\t<\/div>\n\t\t\t<\/div>\n\t\t\t\t\t<\/div>\n\t\t","protected":false},"excerpt":{"rendered":"<p>E&amp;E N\u00b0 93 outubro\/dezembro 2016 Palavras do Editor Porque \u00e9 Necess\u00e1ria uma Pol\u00edtica Nuclear O que \u00e9 Estrat\u00e9gico na Energia Nuclear Tango X Samba Ver ou Baixar E&amp;E 93 em pdf<\/p>\n","protected":false},"author":1,"featured_media":0,"parent":0,"menu_order":0,"comment_status":"closed","ping_status":"closed","template":"","meta":[],"_links":{"self":[{"href":"http:\/\/ecen.com.br\/index.php?rest_route=\/wp\/v2\/pages\/1802"}],"collection":[{"href":"http:\/\/ecen.com.br\/index.php?rest_route=\/wp\/v2\/pages"}],"about":[{"href":"http:\/\/ecen.com.br\/index.php?rest_route=\/wp\/v2\/types\/page"}],"author":[{"embeddable":true,"href":"http:\/\/ecen.com.br\/index.php?rest_route=\/wp\/v2\/users\/1"}],"replies":[{"embeddable":true,"href":"http:\/\/ecen.com.br\/index.php?rest_route=%2Fwp%2Fv2%2Fcomments&post=1802"}],"version-history":[{"count":5,"href":"http:\/\/ecen.com.br\/index.php?rest_route=\/wp\/v2\/pages\/1802\/revisions"}],"predecessor-version":[{"id":2731,"href":"http:\/\/ecen.com.br\/index.php?rest_route=\/wp\/v2\/pages\/1802\/revisions\/2731"}],"wp:attachment":[{"href":"http:\/\/ecen.com.br\/index.php?rest_route=%2Fwp%2Fv2%2Fmedia&parent=1802"}],"curies":[{"name":"wp","href":"https:\/\/api.w.org\/{rel}","templated":true}]}}