{"id":1794,"date":"2018-06-01T15:39:26","date_gmt":"2018-06-01T18:39:26","guid":{"rendered":"http:\/\/ecen.com.br\/?page_id=1794"},"modified":"2018-06-01T16:00:40","modified_gmt":"2018-06-01T19:00:40","slug":"ano-2017","status":"publish","type":"page","link":"http:\/\/ecen.com.br\/?page_id=1794","title":{"rendered":"Ano 2017"},"content":{"rendered":"\t\t<div data-elementor-type=\"wp-post\" data-elementor-id=\"1794\" class=\"elementor elementor-1794 elementor-bc-flex-widget\">\n\t\t\t\t\t\t<div class=\"elementor-inner\">\n\t\t\t\t<div class=\"elementor-section-wrap\">\n\t\t\t\t\t\t\t\t\t<section class=\"elementor-section elementor-top-section elementor-element elementor-element-6970d28f elementor-section-boxed elementor-section-height-default elementor-section-height-default\" data-id=\"6970d28f\" data-element_type=\"section\">\n\t\t\t\t\t\t<div class=\"elementor-container elementor-column-gap-default\">\n\t\t\t\t\t\t\t<div class=\"elementor-row\">\n\t\t\t\t\t<div class=\"elementor-column elementor-col-100 elementor-top-column elementor-element elementor-element-7b3ba82b\" data-id=\"7b3ba82b\" data-element_type=\"column\">\n\t\t\t<div class=\"elementor-column-wrap elementor-element-populated\">\n\t\t\t\t\t\t\t<div class=\"elementor-widget-wrap\">\n\t\t\t\t\t\t<section class=\"elementor-section elementor-inner-section elementor-element elementor-element-142a68de elementor-section-boxed elementor-section-height-default elementor-section-height-default\" data-id=\"142a68de\" data-element_type=\"section\">\n\t\t\t\t\t\t<div class=\"elementor-container elementor-column-gap-default\">\n\t\t\t\t\t\t\t<div class=\"elementor-row\">\n\t\t\t\t\t<div class=\"elementor-column elementor-col-50 elementor-inner-column elementor-element elementor-element-206c50f4\" data-id=\"206c50f4\" data-element_type=\"column\">\n\t\t\t<div class=\"elementor-column-wrap elementor-element-populated\">\n\t\t\t\t\t\t\t<div class=\"elementor-widget-wrap\">\n\t\t\t\t\t\t<div class=\"elementor-element elementor-element-4863c72f elementor-widget elementor-widget-image\" data-id=\"4863c72f\" data-element_type=\"widget\" data-widget_type=\"image.default\">\n\t\t\t\t<div class=\"elementor-widget-container\">\n\t\t\t\t\t\t\t\t<div class=\"elementor-image\">\n\t\t\t\t\t\t\t\t\t\t\t\t\t<a href=\"http:\/\/ecen.com.br\/wp-content\/uploads\/2017\/11\/eee97.pdf\">\n\t\t\t\t\t\t\t<img width=\"213\" height=\"300\" src=\"http:\/\/ecen.com.br\/wp-content\/uploads\/2017\/11\/eee97-CAPA-A5-em-JPG-213x300.jpg\" class=\"attachment-medium size-medium\" alt=\"\" loading=\"lazy\" srcset=\"http:\/\/ecen.com.br\/wp-content\/uploads\/2017\/11\/eee97-CAPA-A5-em-JPG-213x300.jpg 213w, http:\/\/ecen.com.br\/wp-content\/uploads\/2017\/11\/eee97-CAPA-A5-em-JPG.jpg 422w\" sizes=\"100vw\" \/>\t\t\t\t\t\t\t\t<\/a>\n\t\t\t\t\t\t\t\t\t\t\t\t\t\t<\/div>\n\t\t\t\t\t\t<\/div>\n\t\t\t\t<\/div>\n\t\t\t\t\t\t<\/div>\n\t\t\t\t\t<\/div>\n\t\t<\/div>\n\t\t\t\t<div class=\"elementor-column elementor-col-50 elementor-inner-column elementor-element elementor-element-4489d6ae\" data-id=\"4489d6ae\" data-element_type=\"column\">\n\t\t\t<div class=\"elementor-column-wrap elementor-element-populated\">\n\t\t\t\t\t\t\t<div class=\"elementor-widget-wrap\">\n\t\t\t\t\t\t<div class=\"elementor-element elementor-element-7e0b9f13 elementor-widget elementor-widget-text-editor\" data-id=\"7e0b9f13\" data-element_type=\"widget\" data-widget_type=\"text-editor.default\">\n\t\t\t\t<div class=\"elementor-widget-container\">\n\t\t\t\t\t\t\t\t<div class=\"elementor-text-editor elementor-clearfix\">\n\t\t\t\t<div style=\"margin: 0px; padding: 0px; user-select: text; -webkit-user-drag: none; -webkit-tap-highlight-color: transparent; overflow: visible; cursor: text; clear: both; position: relative; direction: ltr; color: #000000; font-family: 'Segoe UI', 'Segoe UI Web', Arial, Verdana, sans-serif; font-size: 12px; z-index: 0;\"><p style=\"margin-bottom: 0px; user-select: text; -webkit-user-drag: none; -webkit-tap-highlight-color: transparent; word-wrap: break-word; vertical-align: baseline; background-color: transparent; color: windowtext;\"><span style=\"font-size: 11pt;\"><a href=\"http:\/\/ecen.com.br\/?page_id=2\"><span lang=\"PT-BR\" style=\"margin: 0px; padding: 0px; user-select: text; -webkit-user-drag: none; -webkit-tap-highlight-color: transparent; font-family: Arial, Arial_MSFontService, sans-serif; line-height: 19px; font-variant-ligatures: none !important;\" xml:lang=\"PT-BR\"><span style=\"margin: 0px; padding: 0px; user-select: text; -webkit-user-drag: none; -webkit-tap-highlight-color: transparent; background-color: inherit;\"><span style=\"background-color: #ffffff; font-family: Roboto, sans-serif; font-weight: bold;\">E&amp;E N\u00b0 97 outubro\/dezembro 2017<\/span><\/span><\/span><\/a><\/span><\/p><p style=\"margin-bottom: 0px; user-select: text; -webkit-user-drag: none; -webkit-tap-highlight-color: transparent; word-wrap: break-word; vertical-align: baseline; background-color: transparent; color: windowtext;\"><span lang=\"PT-BR\" style=\"margin: 0px; padding: 0px; user-select: text; -webkit-user-drag: none; -webkit-tap-highlight-color: transparent; font-size: 11pt; font-family: Arial, Arial_MSFontService, sans-serif; line-height: 19px; font-variant-ligatures: none !important;\" xml:lang=\"PT-BR\"><span style=\"margin: 0px; padding: 0px; user-select: text; -webkit-user-drag: none; -webkit-tap-highlight-color: transparent; background-color: inherit;\">\u00a0<\/span><\/span><\/p><p style=\"margin-bottom: 0px; user-select: text; -webkit-user-drag: none; -webkit-tap-highlight-color: transparent; word-wrap: break-word; vertical-align: baseline; background-color: transparent; color: windowtext;\"><span style=\"font-size: 11pt;\"><a href=\"http:\/\/ecen.com.br\/?page_id=891\"><span lang=\"PT-BR\" style=\"margin: 0px; padding: 0px; user-select: text; -webkit-user-drag: none; -webkit-tap-highlight-color: transparent; font-family: Arial, Arial_MSFontService, sans-serif; line-height: 19px; font-variant-ligatures: none !important;\" xml:lang=\"PT-BR\"><span style=\"margin: 0px; padding: 0px; user-select: text; -webkit-user-drag: none; -webkit-tap-highlight-color: transparent; background-color: inherit;\">A Face Oculta da D\u00edvida Externa e a Pretensa Extin\u00e7\u00e3o das Armas Nucleares<\/span><\/span><\/a><\/span><\/p><p>\u00a0<\/p><br \/><p style=\"margin-bottom: 0px; user-select: text; -webkit-user-drag: none; -webkit-tap-highlight-color: transparent; word-wrap: break-word; vertical-align: baseline; background-color: transparent; color: windowtext;\"><span style=\"font-size: 11pt;\"><a href=\"http:\/\/ecen.com.br\/?page_id=900\"><span style=\"margin: 0px; padding: 0px; user-select: text; -webkit-user-drag: none; -webkit-tap-highlight-color: transparent;\"><span lang=\"PT-BR\" style=\"margin: 0px; padding: 0px; user-select: text; -webkit-user-drag: none; -webkit-tap-highlight-color: transparent; font-family: Arial, Arial_MSFontService, sans-serif; line-height: 19px; font-variant-ligatures: none !important;\" xml:lang=\"PT-BR\"><span style=\"margin: 0px; padding: 0px; user-select: text; -webkit-user-drag: none; -webkit-tap-highlight-color: transparent; background-color: inherit;\">A D\u00edvida Externa Reapareceu?<\/span><\/span><\/span><\/a><\/span><\/p><br \/>\u00a0<\/div><div style=\"margin: 0px; padding: 0px; user-select: text; -webkit-user-drag: none; -webkit-tap-highlight-color: transparent; overflow: visible; cursor: text; clear: both; position: relative; direction: ltr; color: #000000; font-family: 'Segoe UI', 'Segoe UI Web', Arial, Verdana, sans-serif; font-size: 12px; z-index: 0;\"><p style=\"margin-bottom: 0px; user-select: text; -webkit-user-drag: none; -webkit-tap-highlight-color: transparent; word-wrap: break-word; vertical-align: baseline; background-color: transparent; color: windowtext;\"><span style=\"font-size: 11pt;\"><a href=\"http:\/\/ecen.com.br\/?page_id=904\"><span style=\"margin: 0px; padding: 0px; user-select: text; -webkit-user-drag: none; -webkit-tap-highlight-color: transparent;\"><span lang=\"PT-BR\" style=\"margin: 0px; padding: 0px; user-select: text; -webkit-user-drag: none; -webkit-tap-highlight-color: transparent; font-family: Arial, Arial_MSFontService, sans-serif; line-height: 19px; font-variant-ligatures: none !important;\" xml:lang=\"PT-BR\"><span style=\"margin: 0px; padding: 0px; user-select: text; -webkit-user-drag: none; -webkit-tap-highlight-color: transparent; background-color: inherit;\">O Tratado de Proibi\u00e7\u00e3o de Armas Nucleares e a Posi\u00e7\u00e3o do Brasil na \u00c1rea Nuclear<\/span><\/span><\/span><\/a><\/span><\/p><p>\u00a0<\/p><p style=\"margin-bottom: 0px; user-select: text; -webkit-user-drag: none; -webkit-tap-highlight-color: transparent; word-wrap: break-word; vertical-align: baseline; background-color: transparent; color: windowtext;\"><span style=\"font-size: 11pt;\"><a href=\"http:\/\/ecen.com.br\/?page_id=1029\"><span style=\"background-color: inherit; color: windowtext; font-family: Arial, Arial_MSFontService, sans-serif; font-style: italic; font-variant-ligatures: none;\">TNP X TPAN<\/span><\/a><\/span><\/p><p style=\"margin-bottom: 0px; user-select: text; -webkit-user-drag: none; -webkit-tap-highlight-color: transparent; word-wrap: break-word; vertical-align: baseline; background-color: transparent; color: windowtext;\"><span style=\"background-color: inherit; color: windowtext; font-family: Arial, Arial_MSFontService, sans-serif; font-size: 11pt; font-style: italic; font-variant-ligatures: none;\">\u00a0<\/span><\/p><p style=\"margin-bottom: 0px; user-select: text; -webkit-user-drag: none; -webkit-tap-highlight-color: transparent; word-wrap: break-word; vertical-align: baseline; background-color: transparent; color: windowtext;\"><span style=\"background-color: inherit; color: windowtext; font-family: Arial, Arial_MSFontService, sans-serif; font-size: 11pt; font-style: italic; font-variant-ligatures: none;\">\u00a0<a href=\"http:\/\/ecen.com.br\/wp-content\/uploads\/2017\/11\/eee97.pdf\">Ver ou Baixar E&amp;E 97 <\/a><\/span><span style=\"background-color: inherit; color: windowtext; font-family: Arial, Arial_MSFontService, sans-serif; font-size: 11pt; font-variant-ligatures: none;\"><a href=\"http:\/\/ecen.com.br\/wp-content\/uploads\/2017\/11\/eee97.pdf\" data-wplink-edit=\"true\">em pdf<\/a><\/span><\/p><\/div>\t\t\t\t\t<\/div>\n\t\t\t\t\t\t<\/div>\n\t\t\t\t<\/div>\n\t\t\t\t\t\t<\/div>\n\t\t\t\t\t<\/div>\n\t\t<\/div>\n\t\t\t\t\t\t\t\t<\/div>\n\t\t\t\t\t<\/div>\n\t\t<\/section>\n\t\t\t\t\t\t<\/div>\n\t\t\t\t\t<\/div>\n\t\t<\/div>\n\t\t\t\t\t\t\t\t<\/div>\n\t\t\t\t\t<\/div>\n\t\t<\/section>\n\t\t\t\t<section class=\"elementor-section elementor-top-section elementor-element elementor-element-1998c7ad elementor-section-boxed elementor-section-height-default elementor-section-height-default\" data-id=\"1998c7ad\" data-element_type=\"section\">\n\t\t\t\t\t\t<div class=\"elementor-container elementor-column-gap-default\">\n\t\t\t\t\t\t\t<div class=\"elementor-row\">\n\t\t\t\t\t<div class=\"elementor-column elementor-col-100 elementor-top-column elementor-element elementor-element-2c5308a0\" data-id=\"2c5308a0\" data-element_type=\"column\">\n\t\t\t<div class=\"elementor-column-wrap elementor-element-populated\">\n\t\t\t\t\t\t\t<div class=\"elementor-widget-wrap\">\n\t\t\t\t\t\t<section class=\"elementor-section elementor-inner-section elementor-element elementor-element-113355a8 elementor-section-boxed elementor-section-height-default elementor-section-height-default\" data-id=\"113355a8\" data-element_type=\"section\">\n\t\t\t\t\t\t<div class=\"elementor-container elementor-column-gap-default\">\n\t\t\t\t\t\t\t<div class=\"elementor-row\">\n\t\t\t\t\t<div class=\"elementor-column elementor-col-50 elementor-inner-column elementor-element elementor-element-44d1e57f\" data-id=\"44d1e57f\" data-element_type=\"column\">\n\t\t\t<div class=\"elementor-column-wrap elementor-element-populated\">\n\t\t\t\t\t\t\t<div class=\"elementor-widget-wrap\">\n\t\t\t\t\t\t<div class=\"elementor-element elementor-element-1c8f0653 elementor-widget elementor-widget-image\" data-id=\"1c8f0653\" data-element_type=\"widget\" data-widget_type=\"image.default\">\n\t\t\t\t<div class=\"elementor-widget-container\">\n\t\t\t\t\t\t\t\t<div class=\"elementor-image\">\n\t\t\t\t\t\t\t\t\t\t\t\t\t<a href=\"http:\/\/ecen.com.br\/wp-content\/uploads\/2017\/10\/eee96p.pdf\">\n\t\t\t\t\t\t\t<img width=\"212\" height=\"300\" src=\"http:\/\/ecen.com.br\/wp-content\/uploads\/2018\/05\/eee-96-212x300.jpg\" class=\"attachment-medium size-medium\" alt=\"E&amp;E 96 capa\" loading=\"lazy\" srcset=\"http:\/\/ecen.com.br\/wp-content\/uploads\/2018\/05\/eee-96-212x300.jpg 212w, http:\/\/ecen.com.br\/wp-content\/uploads\/2018\/05\/eee-96.jpg 421w\" sizes=\"100vw\" \/>\t\t\t\t\t\t\t\t<\/a>\n\t\t\t\t\t\t\t\t\t\t\t\t\t\t<\/div>\n\t\t\t\t\t\t<\/div>\n\t\t\t\t<\/div>\n\t\t\t\t\t\t<\/div>\n\t\t\t\t\t<\/div>\n\t\t<\/div>\n\t\t\t\t<div class=\"elementor-column elementor-col-50 elementor-inner-column elementor-element elementor-element-61812b27\" data-id=\"61812b27\" data-element_type=\"column\">\n\t\t\t<div class=\"elementor-column-wrap elementor-element-populated\">\n\t\t\t\t\t\t\t<div class=\"elementor-widget-wrap\">\n\t\t\t\t\t\t<div class=\"elementor-element elementor-element-1d2af590 elementor-widget elementor-widget-text-editor\" data-id=\"1d2af590\" data-element_type=\"widget\" data-widget_type=\"text-editor.default\">\n\t\t\t\t<div class=\"elementor-widget-container\">\n\t\t\t\t\t\t\t\t<div class=\"elementor-text-editor elementor-clearfix\">\n\t\t\t\t<p><a href=\"http:\/\/ecen.com.br\/?page_id=641\"><strong>E&amp;E N\u00b0 96 julho\/setembro 2017<\/strong><\/a><\/p><p><span style=\"font-size: 1rem;\"><a href=\"http:\/\/ecen.com.br\/?page_id=744\">A Desnacionaliza\u00e7\u00e3o do \u201cMade in Brazil\u201d<\/a><br \/><\/span><span style=\"font-size: 1rem;\">\u201cAt\u00e9 a \u00e1gua que consumirmos dos nossos mananciais pode agora ser considerada importada\u201d<\/span><\/p><p><span style=\"font-size: 1rem;\"><a href=\"http:\/\/ecen.com.br\/?page_id=661\">Mudan\u00e7as no Balan\u00e7o de Pagamentos<\/a><br \/><\/span><span style=\"font-size: 1rem;\"><a href=\"http:\/\/ecen.com.br\/?page_id=573\">A1 &#8211; Compila\u00e7\u00e3o das Principais Mudan\u00e7as no Balan\u00e7o de Pagamentos<\/a><br \/><\/span><span style=\"font-size: 1rem;\"><a href=\"http:\/\/ecen.com.br\/?page_id=748\">A2 &#8211; Principais Links e Refer\u00eancias Relacionados ao Tema<\/a><br \/><a href=\"http:\/\/ecen.com.br\/?page_id=749\">A3 &#8211; Conceito de Territ\u00f3rio Econ\u00f4mico extra\u00eddo do Cap\u00edtulo 4 do BPM6<\/a><\/span><\/p><p><a href=\"http:\/\/ecen.com.br\/wp-content\/uploads\/2017\/10\/eee96p.pdf\">Ver ou Baixar E&amp;E 96 em pdf<\/a><\/p>\t\t\t\t\t<\/div>\n\t\t\t\t\t\t<\/div>\n\t\t\t\t<\/div>\n\t\t\t\t\t\t<\/div>\n\t\t\t\t\t<\/div>\n\t\t<\/div>\n\t\t\t\t\t\t\t\t<\/div>\n\t\t\t\t\t<\/div>\n\t\t<\/section>\n\t\t\t\t\t\t<\/div>\n\t\t\t\t\t<\/div>\n\t\t<\/div>\n\t\t\t\t\t\t\t\t<\/div>\n\t\t\t\t\t<\/div>\n\t\t<\/section>\n\t\t\t\t<section class=\"elementor-section elementor-top-section elementor-element elementor-element-2868928e elementor-section-boxed elementor-section-height-default elementor-section-height-default\" data-id=\"2868928e\" data-element_type=\"section\">\n\t\t\t\t\t\t<div class=\"elementor-container elementor-column-gap-default\">\n\t\t\t\t\t\t\t<div class=\"elementor-row\">\n\t\t\t\t\t<div class=\"elementor-column elementor-col-100 elementor-top-column elementor-element elementor-element-75705d7c\" data-id=\"75705d7c\" data-element_type=\"column\">\n\t\t\t<div class=\"elementor-column-wrap elementor-element-populated\">\n\t\t\t\t\t\t\t<div class=\"elementor-widget-wrap\">\n\t\t\t\t\t\t<section class=\"elementor-section elementor-inner-section elementor-element elementor-element-546b5f29 elementor-section-boxed elementor-section-height-default elementor-section-height-default\" data-id=\"546b5f29\" data-element_type=\"section\">\n\t\t\t\t\t\t<div class=\"elementor-container elementor-column-gap-default\">\n\t\t\t\t\t\t\t<div class=\"elementor-row\">\n\t\t\t\t\t<div class=\"elementor-column elementor-col-50 elementor-inner-column elementor-element elementor-element-9b3cfd0\" data-id=\"9b3cfd0\" data-element_type=\"column\">\n\t\t\t<div class=\"elementor-column-wrap elementor-element-populated\">\n\t\t\t\t\t\t\t<div class=\"elementor-widget-wrap\">\n\t\t\t\t\t\t<div class=\"elementor-element elementor-element-23a83a7f elementor-widget elementor-widget-image\" data-id=\"23a83a7f\" data-element_type=\"widget\" data-widget_type=\"image.default\">\n\t\t\t\t<div class=\"elementor-widget-container\">\n\t\t\t\t\t\t\t\t<div class=\"elementor-image\">\n\t\t\t\t\t\t\t\t\t\t\t\t\t<a href=\"http:\/\/ecen.com.br\/wp-content\/uploads\/2017\/06\/eee95p.pdf\">\n\t\t\t\t\t\t\t<img width=\"212\" height=\"300\" src=\"http:\/\/ecen.com.br\/wp-content\/uploads\/2017\/06\/CAPA-eee95-212x300.jpg\" class=\"attachment-medium size-medium\" alt=\"\" loading=\"lazy\" srcset=\"http:\/\/ecen.com.br\/wp-content\/uploads\/2017\/06\/CAPA-eee95-212x300.jpg 212w, http:\/\/ecen.com.br\/wp-content\/uploads\/2017\/06\/CAPA-eee95.jpg 420w\" sizes=\"100vw\" \/>\t\t\t\t\t\t\t\t<\/a>\n\t\t\t\t\t\t\t\t\t\t\t\t\t\t<\/div>\n\t\t\t\t\t\t<\/div>\n\t\t\t\t<\/div>\n\t\t\t\t\t\t<\/div>\n\t\t\t\t\t<\/div>\n\t\t<\/div>\n\t\t\t\t<div class=\"elementor-column elementor-col-50 elementor-inner-column elementor-element elementor-element-206574f7\" data-id=\"206574f7\" data-element_type=\"column\">\n\t\t\t<div class=\"elementor-column-wrap elementor-element-populated\">\n\t\t\t\t\t\t\t<div class=\"elementor-widget-wrap\">\n\t\t\t\t\t\t<div class=\"elementor-element elementor-element-104437c4 elementor-widget elementor-widget-text-editor\" data-id=\"104437c4\" data-element_type=\"widget\" data-widget_type=\"text-editor.default\">\n\t\t\t\t<div class=\"elementor-widget-container\">\n\t\t\t\t\t\t\t\t<div class=\"elementor-text-editor elementor-clearfix\">\n\t\t\t\t<p><a href=\"http:\/\/ecen.com.br\/?page_id=451\"><strong>E&amp;E N\u00b0 95 abril\/junho 2018<\/strong><\/a><\/p><p><a href=\"http:\/\/ecen.com.br\/?page_id=458\">Acompanhamento da evolu\u00e7\u00e3o do desflorestamento da Amaz\u00f4nia usando modelagem matem\u00e1tica simples<\/a><\/p><p><a href=\"http:\/\/ecen.com.br\/?page_id=515\">As metas brasileiras de emiss\u00f5es de gases de efeito estufa e a contribui\u00e7\u00e3o nacionalmente determinada \u2013 CND Brasil<\/a><\/p><p><a href=\"http:\/\/ecen.com.br\/wp-content\/uploads\/2017\/06\/eee95p.pdf\">Ver ou Baixar E&amp;E 95 em pdf<\/a><\/p>\t\t\t\t\t<\/div>\n\t\t\t\t\t\t<\/div>\n\t\t\t\t<\/div>\n\t\t\t\t\t\t<\/div>\n\t\t\t\t\t<\/div>\n\t\t<\/div>\n\t\t\t\t\t\t\t\t<\/div>\n\t\t\t\t\t<\/div>\n\t\t<\/section>\n\t\t\t\t\t\t<\/div>\n\t\t\t\t\t<\/div>\n\t\t<\/div>\n\t\t\t\t\t\t\t\t<\/div>\n\t\t\t\t\t<\/div>\n\t\t<\/section>\n\t\t\t\t<section class=\"elementor-section elementor-top-section elementor-element elementor-element-d83b63c elementor-section-boxed elementor-section-height-default elementor-section-height-default\" data-id=\"d83b63c\" data-element_type=\"section\">\n\t\t\t\t\t\t<div class=\"elementor-container elementor-column-gap-default\">\n\t\t\t\t\t\t\t<div class=\"elementor-row\">\n\t\t\t\t\t<div class=\"elementor-column elementor-col-100 elementor-top-column elementor-element elementor-element-99b8621\" data-id=\"99b8621\" data-element_type=\"column\">\n\t\t\t<div class=\"elementor-column-wrap elementor-element-populated\">\n\t\t\t\t\t\t\t<div class=\"elementor-widget-wrap\">\n\t\t\t\t\t\t<section class=\"elementor-section elementor-inner-section elementor-element elementor-element-4d50ace9 elementor-section-boxed elementor-section-height-default elementor-section-height-default\" data-id=\"4d50ace9\" data-element_type=\"section\">\n\t\t\t\t\t\t<div class=\"elementor-container elementor-column-gap-default\">\n\t\t\t\t\t\t\t<div class=\"elementor-row\">\n\t\t\t\t\t<div class=\"elementor-column elementor-col-50 elementor-inner-column elementor-element elementor-element-45c932e3\" data-id=\"45c932e3\" data-element_type=\"column\">\n\t\t\t<div class=\"elementor-column-wrap elementor-element-populated\">\n\t\t\t\t\t\t\t<div class=\"elementor-widget-wrap\">\n\t\t\t\t\t\t<div class=\"elementor-element elementor-element-7b56487 elementor-widget elementor-widget-image\" data-id=\"7b56487\" data-element_type=\"widget\" data-widget_type=\"image.default\">\n\t\t\t\t<div class=\"elementor-widget-container\">\n\t\t\t\t\t\t\t\t<div class=\"elementor-image\">\n\t\t\t\t\t\t\t\t\t\t\t\t\t<a href=\"http:\/\/ecen.com.br\/wp-content\/uploads\/2017\/03\/eee94.pdf\">\n\t\t\t\t\t\t\t<img width=\"213\" height=\"300\" src=\"http:\/\/ecen.com.br\/wp-content\/uploads\/2017\/03\/eee94-213x300.jpg\" class=\"attachment-medium size-medium\" alt=\"\" loading=\"lazy\" srcset=\"http:\/\/ecen.com.br\/wp-content\/uploads\/2017\/03\/eee94-213x300.jpg 213w, http:\/\/ecen.com.br\/wp-content\/uploads\/2017\/03\/eee94.jpg 422w\" sizes=\"100vw\" \/>\t\t\t\t\t\t\t\t<\/a>\n\t\t\t\t\t\t\t\t\t\t\t\t\t\t<\/div>\n\t\t\t\t\t\t<\/div>\n\t\t\t\t<\/div>\n\t\t\t\t\t\t<\/div>\n\t\t\t\t\t<\/div>\n\t\t<\/div>\n\t\t\t\t<div class=\"elementor-column elementor-col-50 elementor-inner-column elementor-element elementor-element-61c678be\" data-id=\"61c678be\" data-element_type=\"column\">\n\t\t\t<div class=\"elementor-column-wrap elementor-element-populated\">\n\t\t\t\t\t\t\t<div class=\"elementor-widget-wrap\">\n\t\t\t\t\t\t<div class=\"elementor-element elementor-element-147d8d2d elementor-widget elementor-widget-text-editor\" data-id=\"147d8d2d\" data-element_type=\"widget\" data-widget_type=\"text-editor.default\">\n\t\t\t\t<div class=\"elementor-widget-container\">\n\t\t\t\t\t\t\t\t<div class=\"elementor-text-editor elementor-clearfix\">\n\t\t\t\t<p><span style=\"font-weight: bold;\">E&amp;E N\u00b0 94 janeiro\/mar\u00e7o 2018<\/span><\/p><p><a href=\"http:\/\/ecen.com.br\/?page_id=334\">The Use of a control panel to evaluate a nuclear utility global performance<\/a><\/p><p><a href=\"http:\/\/ecen.com.br\/?page_id=354\">Cota\u00e7\u00e3o Futura do d\u00f3lar<\/a><\/p><p><a href=\"http:\/\/ecen.com.br\/wp-content\/uploads\/2017\/03\/eee94.pdf\">Ver ou Baixar E&amp;E 94<\/a><\/p>\t\t\t\t\t<\/div>\n\t\t\t\t\t\t<\/div>\n\t\t\t\t<\/div>\n\t\t\t\t\t\t<\/div>\n\t\t\t\t\t<\/div>\n\t\t<\/div>\n\t\t\t\t\t\t\t\t<\/div>\n\t\t\t\t\t<\/div>\n\t\t<\/section>\n\t\t\t\t\t\t<\/div>\n\t\t\t\t\t<\/div>\n\t\t<\/div>\n\t\t\t\t\t\t\t\t<\/div>\n\t\t\t\t\t<\/div>\n\t\t<\/section>\n\t\t\t\t\t\t\t\t\t<\/div>\n\t\t\t<\/div>\n\t\t\t\t\t<\/div>\n\t\t","protected":false},"excerpt":{"rendered":"<p>E&amp;E N\u00b0 97 outubro\/dezembro 2017 A Face Oculta da D\u00edvida Externa e a Pretensa Extin\u00e7\u00e3o das Armas Nucleares &nbsp; A D\u00edvida Externa Reapareceu? &nbsp; O Tratado de Proibi\u00e7\u00e3o de Armas Nucleares e a Posi\u00e7\u00e3o do Brasil na \u00c1rea Nuclear TNP X TPAN \u00a0Ver ou Baixar E&amp;E 97 em pdf E&amp;E N\u00b0 96 julho\/setembro 2017 A &hellip; <\/p>\n<p class=\"link-more\"><a href=\"http:\/\/ecen.com.br\/?page_id=1794\" class=\"more-link\">Continue lendo<span class=\"screen-reader-text\"> &#8220;Ano 2017&#8221;<\/span><\/a><\/p>\n","protected":false},"author":1,"featured_media":0,"parent":0,"menu_order":0,"comment_status":"closed","ping_status":"closed","template":"","meta":[],"_links":{"self":[{"href":"http:\/\/ecen.com.br\/index.php?rest_route=\/wp\/v2\/pages\/1794"}],"collection":[{"href":"http:\/\/ecen.com.br\/index.php?rest_route=\/wp\/v2\/pages"}],"about":[{"href":"http:\/\/ecen.com.br\/index.php?rest_route=\/wp\/v2\/types\/page"}],"author":[{"embeddable":true,"href":"http:\/\/ecen.com.br\/index.php?rest_route=\/wp\/v2\/users\/1"}],"replies":[{"embeddable":true,"href":"http:\/\/ecen.com.br\/index.php?rest_route=%2Fwp%2Fv2%2Fcomments&post=1794"}],"version-history":[{"count":3,"href":"http:\/\/ecen.com.br\/index.php?rest_route=\/wp\/v2\/pages\/1794\/revisions"}],"predecessor-version":[{"id":1827,"href":"http:\/\/ecen.com.br\/index.php?rest_route=\/wp\/v2\/pages\/1794\/revisions\/1827"}],"wp:attachment":[{"href":"http:\/\/ecen.com.br\/index.php?rest_route=%2Fwp%2Fv2%2Fmedia&parent=1794"}],"curies":[{"name":"wp","href":"https:\/\/api.w.org\/{rel}","templated":true}]}}