{"id":1257,"date":"2018-04-01T11:42:22","date_gmt":"2018-04-01T14:42:22","guid":{"rendered":"http:\/\/ecen.com.br\/?page_id=1257"},"modified":"2021-03-19T14:50:19","modified_gmt":"2021-03-19T17:50:19","slug":"atualizacao-do-padrao-tecnico-e-de-seguranca-de-angra-3","status":"publish","type":"page","link":"http:\/\/ecen.com.br\/?page_id=1257","title":{"rendered":"Atualiza\u00e7\u00e3o do Padr\u00e3o T\u00e9cnico e de Seguran\u00e7a de Angra 3"},"content":{"rendered":"\t\t<div data-elementor-type=\"wp-post\" data-elementor-id=\"1257\" class=\"elementor elementor-1257\">\n\t\t\t\t\t\t<div class=\"elementor-inner\">\n\t\t\t\t<div class=\"elementor-section-wrap\">\n\t\t\t\t\t\t\t\t\t<section class=\"elementor-section elementor-top-section elementor-element elementor-element-7bd4e7e4 elementor-section-boxed elementor-section-height-default elementor-section-height-default\" data-id=\"7bd4e7e4\" data-element_type=\"section\">\n\t\t\t\t\t\t<div class=\"elementor-container elementor-column-gap-default\">\n\t\t\t\t\t\t\t<div class=\"elementor-row\">\n\t\t\t\t\t<div class=\"elementor-column elementor-col-100 elementor-top-column elementor-element elementor-element-73e54c81\" data-id=\"73e54c81\" data-element_type=\"column\">\n\t\t\t<div class=\"elementor-column-wrap elementor-element-populated\">\n\t\t\t\t\t\t\t<div class=\"elementor-widget-wrap\">\n\t\t\t\t\t\t<div class=\"elementor-element elementor-element-4a0fb37e elementor-widget elementor-widget-text-editor\" data-id=\"4a0fb37e\" data-element_type=\"widget\" data-widget_type=\"text-editor.default\">\n\t\t\t\t<div class=\"elementor-widget-container\">\n\t\t\t\t\t\t\t\t<div class=\"elementor-text-editor elementor-clearfix\">\n\t\t\t\t<p><span style=\"color: #0000ff;\"><strong><strong style=\"font-size: 1rem;\"><span style=\"color: #808080;\"><em><span style=\"color: #000000;\"><img loading=\"lazy\" class=\"size-full wp-image-4 alignnone\" src=\"http:\/\/eee.org.br\/wp-content\/uploads\/2017\/02\/eee.jpg\" alt=\"\" width=\"116\" height=\"27\" data-wp-pid=\"4\" \/><\/span><br \/><\/em><span style=\"color: #000000;\">Economia e Energia &#8211; E&amp;E\u00a0 \u00a0 N\u00ba 98,\u00a0 janeiro a mar\u00e7o 2018<\/span><\/span><span style=\"color: #000000;\"><br \/><\/span><\/strong><\/strong><span style=\"color: #000000;\">ISSN 1518-2932<\/span><\/span><\/p><p><span style=\"color: #0000ff;\"><strong>Relat\u00f3rio T\u00e9cnico Externo:<\/strong><\/span><\/p><h1><a name=\"_Toc508717997\"><\/a><strong>Atualiza\u00e7\u00e3o do Padr\u00e3o T\u00e9cnico e de Seguran\u00e7a do Projeto de Angra 3<\/strong><\/h1><p><strong>Sum\u00e1rio executivo de documento preparado pela Superintend\u00eancia de Engenharia de Projetos &#8211; SET da Eletronuclear<\/strong><\/p><p style=\"text-align: right;\">Respons\u00e1vel: Jorge Mendes<br \/>Gerente de Sistemas e<br \/>Instrumenta\u00e7\u00e3o do Reator<\/p><h6><a name=\"_Toc508717998\"><\/a><span style=\"color: #0000ff;\">Resumo:<\/span><\/h6><p>A Eletronuclear divulgou em fevereiro deste ano um estudo intitulado \u201cAtualiza\u00e7\u00e3o do Padr\u00e3o T\u00e9cnico e de Seguran\u00e7a do Projeto de Angra 3\u201d (finalizado em 2017) sobre as atualiza\u00e7\u00f5es t\u00e9cnicas e de seguran\u00e7a acrescentadas ao projeto de Angra 3 com rela\u00e7\u00e3o \u00e0 seguran\u00e7a do empreendimento. Apesar de Angra 3 ter sido planejada nos anos 1970, ao longo do tempo, mudan\u00e7as foram feitas na concep\u00e7\u00e3o original para incorporar moderniza\u00e7\u00f5es tecnol\u00f3gicas, a experi\u00eancia operacional do setor nuclear e as exig\u00eancias das normas nacionais e internacionais, que foram revisadas no per\u00edodo. Isto permite que Angra 3 mantenha a seguran\u00e7a e o desempenho adequados aos padr\u00f5es internacionais atuais. Apresenta-se aqui o sum\u00e1rio executivo, o Relat\u00f3rio Completo est\u00e1 dispon\u00edvel no site da Eletronuclear<a href=\"#_ftn3\" name=\"_ftnref3\">[1]<\/a>.<\/p><h3><a name=\"_Toc508717999\"><\/a>Palavras Chave:<\/h3><p>Eletronuclear, Angra 3, programa nuclear, gera\u00e7\u00e3o de eletricidade, crise financeira, seguran\u00e7a, normas internacionais, desempenho de usina nuclear.<\/p><h2><a name=\"_Toc508718000\"><\/a>1. Introdu\u00e7\u00e3o<\/h2><p>Este Sum\u00e1rio Executivo apresenta os pontos principais do processo utilizado pela Eletronuclear para fazer com que o projeto da usina Angra 3 mantenha a seguran\u00e7a e o desempenho adequados aos padr\u00f5es atuais, s\u00e3o os seguintes:<\/p><p>O tipo de reator adotado em Angra 3, como nas demais unidades da CNAAA, o PWR \u2013 Reator a \u00c1gua Pressurizada, permanece como o modelo internacionalmente predominante (277 de 438 reatores), tanto entre as unidades em opera\u00e7\u00e3o como nas novas unidades em constru\u00e7\u00e3o (50 de 60 reatores).<\/p><p>No processo evolutivo da tecnologia dos sistemas de seguran\u00e7a, 42 das 50 usinas em constru\u00e7\u00e3o utilizando reatores PWR disp\u00f5e de sistemas de seguran\u00e7a de concep\u00e7\u00e3o similar aos de Angra 3 e apenas 8 t\u00eam sua seguran\u00e7a baseada extensivamente em sistemas passivos.<\/p><p>A usina de Angra 3 pertence ao padr\u00e3o PWR 1.300 MW da Siemens, que se caracteriza por um elevado padr\u00e3o de seguran\u00e7a e desempenho operacional, em fun\u00e7\u00e3o de suas caracter\u00edsticas de projeto, dentre elas, o elevado grau de automa\u00e7\u00e3o e o n\u00edvel de redund\u00e2ncia e diversidade adotados no projeto dos sistemas de seguran\u00e7a, e dos elevados requisitos de qualidade aplicados ao projeto e \u00e0 fabrica\u00e7\u00e3o dos equipamentos.<\/p><p>O projeto de Angra 3 utiliza Angra 2 como usina de refer\u00eancia, incorporando todas as modifica\u00e7\u00f5es nela introduzidas com o objetivo de melhoria de seguran\u00e7a e desempenho. Um empreendimento testado e comprovado com altos \u00edndices de seguran\u00e7a e performance.<\/p><p>O projeto de Angra 3 incorpora as li\u00e7\u00f5es aprendidas com os acidentes j\u00e1 verificados em usinas nucleares de pot\u00eancia, a experi\u00eancia internacional das \u00faltimas d\u00e9cadas, as altera\u00e7\u00f5es na base normativa nacional e internacional, al\u00e9m da evolu\u00e7\u00e3o da base normativa e tecnol\u00f3gica de componentes e sistemas como se resume nos itens abaixo.<\/p><h2><a name=\"_Toc508718001\"><\/a>2. Atualiza\u00e7\u00e3o da Base Normativa<\/h2><p>O projeto de Angra 3 foi atualizado com base nas normas alem\u00e3s v\u00e1lidas em 2003 quando foi solicitada a licen\u00e7a de constru\u00e7\u00e3o ao \u00f3rg\u00e3o licenciador CNEN. No caso de componentes do circuito prim\u00e1rio, j\u00e1 fornecidos com base em normas anteriores, avaliou-se que as vers\u00f5es mais recentes das normas n\u00e3o traziam altera\u00e7\u00f5es relevantes, permitindo validar a adequa\u00e7\u00e3o dos mesmos para suas respectivas fun\u00e7\u00f5es. O alto grau de requisitos t\u00e9cnicos das normas alem\u00e3s utilizadas em Angra 2 e 3, garante um padr\u00e3o de seguran\u00e7a de alto n\u00edvel. A base normativa e os crit\u00e9rios de projeto foram submetidos \u00e0 CNEN, que os avaliou e concedeu a licen\u00e7a de constru\u00e7\u00e3o para Angra 3 em 2010.<\/p><h2><a name=\"_Toc508718002\"><\/a>3. Atualiza\u00e7\u00e3o da Prote\u00e7\u00e3o contra Eventos Externos<\/h2><p>No projeto de Angra 3, todos os carregamentos atuantes sobre as estruturas foram revisados e atualizados, em especial, no que diz respeito \u00e0queles gerados pelos eventos externos. Foi realizado um estudo sobre a ocorr\u00eancia de ventos extremos, com um levantamento dos registros de tornados no Brasil e adotou-se um tornado de categoria 3 na escala Fujita, correspondente aos maiores eventos j\u00e1 registrados no pa\u00eds. Foram realizadas an\u00e1lises detalhadas de amea\u00e7a s\u00edsmica em bases probabil\u00edsticas, por um grupo de consultores formado por ge\u00f3logos, sism\u00f3logos e engenheiros estruturais renomados do Brasil e do exterior, utilizando-se a metodologia mais avan\u00e7ada. Estes resultados j\u00e1 est\u00e3o sendo utilizados na An\u00e1lise Probabil\u00edstica de Seguran\u00e7a (APS) das usinas. Os primeiros resultados indicam que o risco s\u00edsmico das usinas est\u00e1 em n\u00edveis compat\u00edveis com os \u00edndices de seguran\u00e7a internacionais. Al\u00e9m disso, a APS permitir\u00e1 investigar os pontos mais cr\u00edticos nos quais ser\u00e1 poss\u00edvel atuar para aumentar ainda mais as margens de seguran\u00e7a j\u00e1 existentes.<\/p><h2><a name=\"_Toc508718003\"><\/a>4. Atualiza\u00e7\u00e3o de Sistemas e Equipamentos<\/h2><p>Angra 3 ter\u00e1 equipamentos de Instrumenta\u00e7\u00e3o e Controle digital no mesmo padr\u00e3o dos projetos mais recentes de usinas nucleares, que deve contribuir para um melhor desempenho e seguran\u00e7a da planta. A sala de controle de Angra 3 \u00e9 projetada com tecnologia digital e reflete o estado da arte em projetos de sala de controle. As atua\u00e7\u00f5es de componentes e monitora\u00e7\u00e3o de processos e alarmes s\u00e3o realizadas atrav\u00e9s de telas digitais em computadores. Em caso de perda da interface homem\/m\u00e1quina digital, estar\u00e1 ainda dispon\u00edvel um painel de seguran\u00e7a convencional para a opera\u00e7\u00e3o da usina.<\/p><p>O aumento da capacidade de gera\u00e7\u00e3o de Angra 3 (de 1350 para 1405 MWe) e a adequa\u00e7\u00e3o \u00e0s novas exig\u00eancias das normas, inclui um novo disjuntor do gerador el\u00e9trico, equipamento fundamental para a conex\u00e3o e desconex\u00e3o com seguran\u00e7a da Usina ao sistema el\u00e9trico interligado nacional, considerando os 1405 MWe previstos.<\/p><p>O conjunto turbo-gerador foi fabricado em meados da d\u00e9cada de 1980 pelas empresas SIEMENS AG\/KWU tanto para Angra 2 como para Angra 3. Para atender ao aumento de pot\u00eancia de Angra 3, est\u00e3o sendo promovidas mudan\u00e7as indicadas pelo fabricante, incluindo a instala\u00e7\u00e3o de um Sistema Digital de Controle e Prote\u00e7\u00e3o da Turbina.<\/p><h2><a name=\"_Toc508718004\"><\/a>5. Atualiza\u00e7\u00e3o devido a experi\u00eancia internacional<\/h2><p>Com base nas li\u00e7\u00f5es aprendidas com as experi\u00eancias resultantes dos acidentes relevantes acontecidos em outras usinas nucleares, o impacto em Angra 2 e 3 foi o seguinte:<\/p><ul><li>O projeto das usinas alem\u00e3s, refer\u00eancia para Angra 2 e 3, foi verificado conforme a experi\u00eancia e recomenda\u00e7\u00f5es resultantes do acidente de Three Mile Island &#8211; TMI 2 (1979, EUA) e as modifica\u00e7\u00f5es recomendadas pelo \u00f3rg\u00e3o licenciador US-NRC (United States &#8211; Nuclear Regulatory Commission) j\u00e1 haviam sido implementadas em Angra 2. Em 2010, para a licen\u00e7a de constru\u00e7\u00e3o de Angra 3, foi emitido um documento para o \u00f3rg\u00e3o licenciador CNEN, registrando a verifica\u00e7\u00e3o formal da aplica\u00e7\u00e3o de todas as recomenda\u00e7\u00f5es da US-NRC devidas ao acidente de TMI-2.<\/li><li>Devido \u00e0 experi\u00eancia com o acidente de Chernobyl (1986, Ucr\u00e2nia), as recomenda\u00e7\u00f5es pertinentes foram consideradas em Angra 2 e 3, apesar da tecnologia de Chernobyl ser diferente da tecnologia de Angra 2 e 3.<\/li><li>Devido ao acidente de Fukushima Daiichi (2011, Jap\u00e3o), os princ\u00edpios b\u00e1sicos de projeto, que levaram ao acidente, foram reavaliados para Angra 2 e 3 pela equipe t\u00e9cnica da Eletronuclear. Este trabalho \u00e9 registrado em relat\u00f3rios peri\u00f3dicos enviados e acompanhados pela CNEN. Os relat\u00f3rios apresentam os resultados dos estudos e as modifica\u00e7\u00f5es efetuadas nas usinas devidas ao acidente de Fukushima.<\/li><li>Eventos significantes ocorridos em usinas nucleares s\u00e3o analisados para Angra 2 e 3 atrav\u00e9s das informa\u00e7\u00f5es obtidas por meio de conv\u00eanios existentes entre a Eletronuclear e diversos \u00f3rg\u00e3os como WANO (<em>World Association of Nuclear Operators<\/em>), IAEA (<em>International Atomic Energy Agency<\/em>), EPRI (<em>Electric Power Research Institute<\/em>) que nos pemitem demonstrar a adequa\u00e7\u00e3o da seguran\u00e7a de Angra 2 e 3.<\/li><\/ul><h2><a name=\"_Toc508718005\"><\/a>6. Atualiza\u00e7\u00e3o para acidentes severos<\/h2><p>Em rela\u00e7\u00e3o ao projeto robusto para fazer frente a eventos al\u00e9m da base de projeto incluindo acidentes severos com fus\u00e3o do n\u00facleo, foram introduzidas, ou j\u00e1 est\u00e3o planejadas modifica\u00e7\u00f5es em Angra 2, sendo introduzidas modifica\u00e7\u00f5es no projeto de Angra 3. Por exemplo, foram projetados recombinadores passivos de Hidrog\u00eanio, dimensionados para a concentra\u00e7\u00e3o m\u00e1xima admiss\u00edvel de Hidrog\u00eanio no interior do edif\u00edcio da Conten\u00e7\u00e3o do reator, de tal maneira que explos\u00f5es possam ser evitadas. Adicionalmente ser\u00e1 instalado um sistema de al\u00edvio filtrado da conten\u00e7\u00e3o que impede que a press\u00e3o interna supere a base de projeto. Todas as provis\u00f5es para eventos al\u00e9m da base de projeto introduzidas em Angra 3, s\u00e3o similares \u00e0s provis\u00f5es inclu\u00eddas em projetos atuais de usinas nucleares em constru\u00e7\u00e3o.<\/p><h2><a name=\"_Toc508718006\"><\/a>7. Conclus\u00f5es<\/h2><p>O desempenho operacional de Angra 2 \u00e9 compat\u00edvel com a tecnologia atual e com os melhores desempenhos das usinas em opera\u00e7\u00e3o. Angra 3 ter\u00e1 um desempenho similar e, em alguns casos superior, devido \u00e0s melhorias da instrumenta\u00e7\u00e3o e controle digital e de novos equipamentos. As melhorias introduzidas em Angra 3, para poss\u00edveis acidentes al\u00e9m da base de projeto, s\u00e3o similares \u00e0s solu\u00e7\u00f5es implantadas recentemente nas usinas existentes e em projetos atuais de concep\u00e7\u00e3o similar a Angra 3. Estas caracter\u00edsticas do projeto mostram que Angra 3 ser\u00e1 uma usina moderna e com um padr\u00e3o de seguran\u00e7a compat\u00edvel com as usinas atualmente em constru\u00e7\u00e3o.<\/p><hr \/><p><span style=\"color: #0000ff;\"><strong>Neste N\u00famero:<\/strong><\/span><\/p><p>|\u00a0<a href=\"http:\/\/ecen.com.br\/?page_id=1190\">\u00c9 a Contabilidade, Est\u00fapido! <\/a>| <a href=\"http:\/\/ecen.com.br\/?page_id=1195\">Crise na Gera\u00e7\u00e3o Nuclear<\/a> |\u00a0<a href=\"http:\/\/ecen.com.br\/?page_id=1248\">A Continuidade de Angra 3<\/a> | <a href=\"http:\/\/ecen.com.br\/?page_id=1257\">Atualiza\u00e7\u00e3o do Padr\u00e3o T\u00e9cnico e de Seguran\u00e7a do Projeto de Angra 3\u00a0<\/a>\u00a0|\u00a0<a href=\"http:\/\/ecen.com.br\/?page_id=1259\">O Poder da Contabilidade<\/a>\u00a0| <a href=\"http:\/\/ecen.com.br\/?page_id=1211\">E&amp;E 98 Tudo<\/a>\u00a0|<\/p><hr \/><p><a href=\"http:\/\/www.eletronuclear.gov.br\/LinkClick.aspx?fileticket=tcCBiUp1yAw%3D&amp;tabid=69\"><strong>Relat\u00f3rio Completo:<\/strong><\/a><\/p><p><a href=\"#_ftnref1\" name=\"_ftn1\"><\/a><a style=\"font-size: 1rem;\" href=\"#_ftnref3\" name=\"_ftn3\">[1]<\/a> <a style=\"font-size: 1rem;\" href=\"http:\/\/www.eletronuclear.gov.br\/LinkClick.aspx?fileticket=tcCBiUp1yAw%3D&amp;tabid=69\">http:\/\/www.eletronuclear.gov.br\/LinkClick.aspx?fileticket=tcCBiUp1yAw%3D&amp;tabid=69<\/a><\/p><hr \/>\t\t\t\t\t<\/div>\n\t\t\t\t\t\t<\/div>\n\t\t\t\t<\/div>\n\t\t\t\t\t\t<\/div>\n\t\t\t\t\t<\/div>\n\t\t<\/div>\n\t\t\t\t\t\t\t\t<\/div>\n\t\t\t\t\t<\/div>\n\t\t<\/section>\n\t\t\t\t<section class=\"elementor-section elementor-top-section elementor-element elementor-element-35e9fb8e elementor-section-boxed elementor-section-height-default elementor-section-height-default\" data-id=\"35e9fb8e\" data-element_type=\"section\">\n\t\t\t\t\t\t<div class=\"elementor-container elementor-column-gap-default\">\n\t\t\t\t\t\t\t<div class=\"elementor-row\">\n\t\t\t\t\t<div class=\"elementor-column elementor-col-100 elementor-top-column elementor-element elementor-element-f115cf6\" data-id=\"f115cf6\" data-element_type=\"column\">\n\t\t\t<div class=\"elementor-column-wrap elementor-element-populated\">\n\t\t\t\t\t\t\t<div class=\"elementor-widget-wrap\">\n\t\t\t\t\t\t<div class=\"elementor-element elementor-element-f25d425 elementor-arrows-position-inside elementor-pagination-position-outside elementor-widget elementor-widget-image-carousel\" data-id=\"f25d425\" data-element_type=\"widget\" data-settings=\"{&quot;slides_to_show&quot;:&quot;1&quot;,&quot;navigation&quot;:&quot;both&quot;,&quot;autoplay&quot;:&quot;yes&quot;,&quot;pause_on_hover&quot;:&quot;yes&quot;,&quot;pause_on_interaction&quot;:&quot;yes&quot;,&quot;autoplay_speed&quot;:5000,&quot;infinite&quot;:&quot;yes&quot;,&quot;effect&quot;:&quot;slide&quot;,&quot;speed&quot;:500}\" data-widget_type=\"image-carousel.default\">\n\t\t\t\t<div class=\"elementor-widget-container\">\n\t\t\t\t\t<div class=\"elementor-image-carousel-wrapper swiper-container\" dir=\"ltr\">\n\t\t\t<div class=\"elementor-image-carousel swiper-wrapper\">\n\t\t\t\t\t\t\t\t<div class=\"swiper-slide\"><figure class=\"swiper-slide-inner\"><img class=\"swiper-slide-image\" src=\"http:\/\/ecen.com.br\/wp-content\/uploads\/2018\/03\/eee-98-723x1024.jpg\" alt=\"Revista E&amp;E 98 em Portugu\u00eas\" \/><\/figure><\/div><div class=\"swiper-slide\"><figure class=\"swiper-slide-inner\"><img class=\"swiper-slide-image\" src=\"http:\/\/ecen.com.br\/wp-content\/uploads\/2018\/04\/eee98p-B2-em-A5-721x1024.jpg\" alt=\"FIEMG\" \/><\/figure><\/div><div class=\"swiper-slide\"><figure class=\"swiper-slide-inner\"><img class=\"swiper-slide-image\" src=\"http:\/\/ecen.com.br\/wp-content\/uploads\/2018\/08\/Ultra-840x1024.png\" alt=\"Ultra\" \/><\/figure><\/div>\t\t\t<\/div>\n\t\t\t\t\t\t\t\t\t\t\t\t<div class=\"swiper-pagination\"><\/div>\n\t\t\t\t\t\t\t\t\t\t\t\t\t<div class=\"elementor-swiper-button elementor-swiper-button-prev\">\n\t\t\t\t\t\t<i aria-hidden=\"true\" class=\"eicon-chevron-left\"><\/i>\t\t\t\t\t\t<span class=\"elementor-screen-only\">Anterior<\/span>\n\t\t\t\t\t<\/div>\n\t\t\t\t\t<div class=\"elementor-swiper-button elementor-swiper-button-next\">\n\t\t\t\t\t\t<i aria-hidden=\"true\" class=\"eicon-chevron-right\"><\/i>\t\t\t\t\t\t<span class=\"elementor-screen-only\">Pr\u00f3ximo<\/span>\n\t\t\t\t\t<\/div>\n\t\t\t\t\t\t\t\t\t<\/div>\n\t\t\t\t<\/div>\n\t\t\t\t<\/div>\n\t\t\t\t\t\t<\/div>\n\t\t\t\t\t<\/div>\n\t\t<\/div>\n\t\t\t\t\t\t\t\t<\/div>\n\t\t\t\t\t<\/div>\n\t\t<\/section>\n\t\t\t\t<section class=\"elementor-section elementor-top-section elementor-element elementor-element-5e4ea079 elementor-section-boxed elementor-section-height-default elementor-section-height-default\" data-id=\"5e4ea079\" data-element_type=\"section\">\n\t\t\t\t\t\t<div class=\"elementor-container elementor-column-gap-default\">\n\t\t\t\t\t\t\t<div class=\"elementor-row\">\n\t\t\t\t\t<div class=\"elementor-column elementor-col-50 elementor-top-column elementor-element elementor-element-6aafafb4\" data-id=\"6aafafb4\" data-element_type=\"column\">\n\t\t\t<div class=\"elementor-column-wrap elementor-element-populated\">\n\t\t\t\t\t\t\t<div class=\"elementor-widget-wrap\">\n\t\t\t\t\t\t<div class=\"elementor-element elementor-element-3ff49962 elementor-align-center elementor-widget elementor-widget-button\" data-id=\"3ff49962\" data-element_type=\"widget\" data-widget_type=\"button.default\">\n\t\t\t\t<div class=\"elementor-widget-container\">\n\t\t\t\t\t<div class=\"elementor-button-wrapper\">\n\t\t\t<a href=\"http:\/\/ecen.com.br\/?page_id=1176\" class=\"elementor-button-link elementor-button elementor-size-sm\" role=\"button\">\n\t\t\t\t\t\t<span class=\"elementor-button-content-wrapper\">\n\t\t\t\t\t\t<span class=\"elementor-button-text\">E&E 98<\/span>\n\t\t<\/span>\n\t\t\t\t\t<\/a>\n\t\t<\/div>\n\t\t\t\t<\/div>\n\t\t\t\t<\/div>\n\t\t\t\t\t\t<\/div>\n\t\t\t\t\t<\/div>\n\t\t<\/div>\n\t\t\t\t<div class=\"elementor-column elementor-col-50 elementor-top-column elementor-element elementor-element-52d08b91\" data-id=\"52d08b91\" data-element_type=\"column\">\n\t\t\t<div class=\"elementor-column-wrap elementor-element-populated\">\n\t\t\t\t\t\t\t<div class=\"elementor-widget-wrap\">\n\t\t\t\t\t\t<div class=\"elementor-element elementor-element-6a994ac1 elementor-align-center elementor-widget elementor-widget-button\" data-id=\"6a994ac1\" data-element_type=\"widget\" data-widget_type=\"button.default\">\n\t\t\t\t<div class=\"elementor-widget-container\">\n\t\t\t\t\t<div class=\"elementor-button-wrapper\">\n\t\t\t<a href=\"http:\/\/ecen.com.br\/wp-content\/uploads\/2018\/04\/eee98p.pdf\" class=\"elementor-button-link elementor-button elementor-size-sm\" role=\"button\">\n\t\t\t\t\t\t<span class=\"elementor-button-content-wrapper\">\n\t\t\t\t\t\t<span class=\"elementor-button-text\">E&98 em PDF<\/span>\n\t\t<\/span>\n\t\t\t\t\t<\/a>\n\t\t<\/div>\n\t\t\t\t<\/div>\n\t\t\t\t<\/div>\n\t\t\t\t\t\t<\/div>\n\t\t\t\t\t<\/div>\n\t\t<\/div>\n\t\t\t\t\t\t\t\t<\/div>\n\t\t\t\t\t<\/div>\n\t\t<\/section>\n\t\t\t\t\t\t\t\t\t<\/div>\n\t\t\t<\/div>\n\t\t\t\t\t<\/div>\n\t\t","protected":false},"excerpt":{"rendered":"<p>Economia e Energia &#8211; E&amp;E&nbsp; &nbsp; N\u00ba 98,&nbsp; janeiro a mar\u00e7o 2018 ISSN 1518-2932 Relat\u00f3rio T\u00e9cnico Externo: Atualiza\u00e7\u00e3o do Padr\u00e3o T\u00e9cnico e de Seguran\u00e7a do Projeto de Angra 3 Sum\u00e1rio executivo de documento preparado pela Superintend\u00eancia de Engenharia de Projetos &#8211; SET da Eletronuclear Respons\u00e1vel: Jorge Mendes Gerente de Sistemas e Instrumenta\u00e7\u00e3o do Reator Resumo: &hellip; <\/p>\n<p class=\"link-more\"><a href=\"http:\/\/ecen.com.br\/?page_id=1257\" class=\"more-link\">Continue lendo<span class=\"screen-reader-text\"> &#8220;Atualiza\u00e7\u00e3o do Padr\u00e3o T\u00e9cnico e de Seguran\u00e7a de Angra 3&#8221;<\/span><\/a><\/p>\n","protected":false},"author":1,"featured_media":0,"parent":1176,"menu_order":0,"comment_status":"closed","ping_status":"closed","template":"","meta":[],"_links":{"self":[{"href":"http:\/\/ecen.com.br\/index.php?rest_route=\/wp\/v2\/pages\/1257"}],"collection":[{"href":"http:\/\/ecen.com.br\/index.php?rest_route=\/wp\/v2\/pages"}],"about":[{"href":"http:\/\/ecen.com.br\/index.php?rest_route=\/wp\/v2\/types\/page"}],"author":[{"embeddable":true,"href":"http:\/\/ecen.com.br\/index.php?rest_route=\/wp\/v2\/users\/1"}],"replies":[{"embeddable":true,"href":"http:\/\/ecen.com.br\/index.php?rest_route=%2Fwp%2Fv2%2Fcomments&post=1257"}],"version-history":[{"count":19,"href":"http:\/\/ecen.com.br\/index.php?rest_route=\/wp\/v2\/pages\/1257\/revisions"}],"predecessor-version":[{"id":4579,"href":"http:\/\/ecen.com.br\/index.php?rest_route=\/wp\/v2\/pages\/1257\/revisions\/4579"}],"up":[{"embeddable":true,"href":"http:\/\/ecen.com.br\/index.php?rest_route=\/wp\/v2\/pages\/1176"}],"wp:attachment":[{"href":"http:\/\/ecen.com.br\/index.php?rest_route=%2Fwp%2Fv2%2Fmedia&parent=1257"}],"curies":[{"name":"wp","href":"https:\/\/api.w.org\/{rel}","templated":true}]}}